{"id":1610,"date":"2021-03-19T17:11:50","date_gmt":"2021-03-19T16:11:50","guid":{"rendered":"https:\/\/loustiketcie.fr\/?page_id=1610"},"modified":"2022-09-25T15:04:24","modified_gmt":"2022-09-25T13:04:24","slug":"accueil","status":"publish","type":"page","link":"https:\/\/loustiketcie.fr\/?page_id=1610","title":{"rendered":"Accueil"},"content":{"rendered":"\n<div class=\"wp-block-columns is-layout-flex wp-container-core-columns-is-layout-9d6595d7 wp-block-columns-is-layout-flex\">\n<div class=\"wp-block-column is-layout-flow wp-block-column-is-layout-flow\">\n<p class=\"has-text-align-center has-text-color has-medium-font-size\" style=\"color:#b9d022\"><strong><em>Bonjour ! Je m&rsquo;appelle Loustik .<\/em><\/strong><\/p>\n<\/div>\n\n\n\n<div class=\"wp-block-column is-layout-flow wp-block-column-is-layout-flow\"><\/div>\n<\/div>\n\n\n\n<div class=\"wp-block-columns is-layout-flex wp-container-core-columns-is-layout-9d6595d7 wp-block-columns-is-layout-flex\">\n<div class=\"wp-block-column is-layout-flow wp-block-column-is-layout-flow\">\n<figure class=\"wp-block-image size-large is-style-rounded\"><img loading=\"lazy\" decoding=\"async\" width=\"1024\" height=\"576\" src=\"https:\/\/loustiketcie.fr\/wp-content\/uploads\/2021\/03\/20170608_141528_001-2-1024x576.jpg\" alt=\"\" class=\"wp-image-1654\" srcset=\"https:\/\/loustiketcie.fr\/wp-content\/uploads\/2021\/03\/20170608_141528_001-2-1024x576.jpg 1024w, https:\/\/loustiketcie.fr\/wp-content\/uploads\/2021\/03\/20170608_141528_001-2-300x169.jpg 300w, https:\/\/loustiketcie.fr\/wp-content\/uploads\/2021\/03\/20170608_141528_001-2-768x432.jpg 768w, https:\/\/loustiketcie.fr\/wp-content\/uploads\/2021\/03\/20170608_141528_001-2-1536x864.jpg 1536w, https:\/\/loustiketcie.fr\/wp-content\/uploads\/2021\/03\/20170608_141528_001-2-2048x1152.jpg 2048w\" sizes=\"auto, (max-width: 1024px) 100vw, 1024px\" \/><\/figure>\n<\/div>\n\n\n\n<div class=\"wp-block-column is-vertically-aligned-center is-layout-flow wp-block-column-is-layout-flow\">\n<p class=\"has-text-align-center has-black-color has-text-color\">Je suis un charmant chat roux trouv\u00e9 par mon humaine, sur le bord d&rsquo;une route en 2017.<\/p>\n\n\n\n<p class=\"has-text-align-center has-black-color has-text-color\">Je n&rsquo;avais qu&rsquo;un mois et ne pesait que 380 grammes.<\/p>\n\n\n\n<p class=\"has-text-align-center has-black-color has-text-color\">Grace \u00e0 notre rencontre, mes deux humains <em>Val\u00e9rie<\/em> <em>et Jean-Luc<\/em> sont devenus des passionn\u00e9s de chats.<\/p>\n\n\n\n<p class=\"has-text-align-center has-black-color has-text-color\"><em><strong>Je les comble de bonheur tous les jours et c&rsquo;est ainsi que notre famille chats s&rsquo;est agrandie.<\/strong><\/em><\/p>\n<\/div>\n<\/div>\n\n\n\n<div class=\"wp-block-columns are-vertically-aligned-center is-layout-flex wp-container-core-columns-is-layout-9d6595d7 wp-block-columns-is-layout-flex\">\n<div class=\"wp-block-column is-vertically-aligned-center is-layout-flow wp-block-column-is-layout-flow\">\n<p class=\"has-text-align-center has-text-color\" style=\"color:#ce157e\"><strong>En 2019, ma copine <em>Naya<\/em> (de l&rsquo;association \u00ab\u00a0Les Pachas\u00a0\u00bb) est arriv\u00e9e \u00e0 la maison. <\/strong>      <\/p>\n\n\n\n<p class=\"has-text-align-center has-black-color has-text-color\">                                                                                                                                                          Elle n&rsquo;avait que 3 mois. <\/p>\n\n\n\n<p class=\"has-text-align-center has-black-color has-text-color\">Nous nous sommes aim\u00e9s tout de suite.<\/p>\n<\/div>\n\n\n\n<div class=\"wp-block-column is-vertically-aligned-center is-layout-flow wp-block-column-is-layout-flow\"><div class=\"wp-block-image is-style-rounded\">\n<figure class=\"aligncenter size-large is-resized\"><img loading=\"lazy\" decoding=\"async\" src=\"https:\/\/loustiketcie.fr\/wp-content\/uploads\/2021\/04\/20181231_155120-576x1024.jpg\" alt=\"\" class=\"wp-image-1766\" width=\"215\" height=\"383\" srcset=\"https:\/\/loustiketcie.fr\/wp-content\/uploads\/2021\/04\/20181231_155120-576x1024.jpg 576w, https:\/\/loustiketcie.fr\/wp-content\/uploads\/2021\/04\/20181231_155120-169x300.jpg 169w, https:\/\/loustiketcie.fr\/wp-content\/uploads\/2021\/04\/20181231_155120-768x1365.jpg 768w, https:\/\/loustiketcie.fr\/wp-content\/uploads\/2021\/04\/20181231_155120-864x1536.jpg 864w, https:\/\/loustiketcie.fr\/wp-content\/uploads\/2021\/04\/20181231_155120-1152x2048.jpg 1152w, https:\/\/loustiketcie.fr\/wp-content\/uploads\/2021\/04\/20181231_155120-scaled.jpg 1440w\" sizes=\"auto, (max-width: 215px) 100vw, 215px\" \/><\/figure>\n<\/div><\/div>\n<\/div>\n\n\n\n<div class=\"wp-block-columns is-layout-flex wp-container-core-columns-is-layout-9d6595d7 wp-block-columns-is-layout-flex\">\n<div class=\"wp-block-column is-layout-flow wp-block-column-is-layout-flow\">\n<p><\/p>\n\n\n\n<p><\/p>\n<\/div>\n\n\n\n<div class=\"wp-block-column is-layout-flow wp-block-column-is-layout-flow\"><\/div>\n<\/div>\n\n\n\n<p class=\"has-text-align-center has-black-color has-text-color has-normal-font-size\">Aujourd&rsquo;hui nous sommes adultes et nous nous aimons toujours autant.<\/p>\n\n\n<div class=\"wp-block-image is-style-rounded\">\n<figure class=\"aligncenter size-large is-resized\"><img loading=\"lazy\" decoding=\"async\" src=\"https:\/\/loustiketcie.fr\/wp-content\/uploads\/2021\/04\/Loustit-et-Naya-1-1024x732.jpg\" alt=\"\" class=\"wp-image-2109\" width=\"274\" height=\"195\" srcset=\"https:\/\/loustiketcie.fr\/wp-content\/uploads\/2021\/04\/Loustit-et-Naya-1-1024x732.jpg 1024w, https:\/\/loustiketcie.fr\/wp-content\/uploads\/2021\/04\/Loustit-et-Naya-1-300x214.jpg 300w, https:\/\/loustiketcie.fr\/wp-content\/uploads\/2021\/04\/Loustit-et-Naya-1-768x549.jpg 768w, https:\/\/loustiketcie.fr\/wp-content\/uploads\/2021\/04\/Loustit-et-Naya-1-1536x1098.jpg 1536w, https:\/\/loustiketcie.fr\/wp-content\/uploads\/2021\/04\/Loustit-et-Naya-1.jpg 1959w\" sizes=\"auto, (max-width: 274px) 100vw, 274px\" \/><\/figure>\n<\/div>\n\n\n<p><\/p>\n\n\n\n<div class=\"wp-block-columns is-layout-flex wp-container-core-columns-is-layout-9d6595d7 wp-block-columns-is-layout-flex\">\n<div class=\"wp-block-column is-layout-flow wp-block-column-is-layout-flow\">\n<p><\/p>\n\n\n\n<p><\/p>\n<\/div>\n<\/div>\n\n\n\n<p class=\"has-text-align-center has-text-color\" style=\"color:#ce157e\"><strong><em>En 2020, deux autres copains nous ont rejoint.<\/em><\/strong><\/p>\n\n\n\n<p class=\"has-text-align-center has-black-color has-text-color\">La Jolie <strong><em>Doli<\/em><\/strong> ainsi que mon copain<em><strong> Ty&rsquo;Ron<\/strong><\/em> (un beau roux comme moi !) tous deux de l&rsquo;association \u00ab\u00a0Les Petits Vagabonds\u00a0\u00bb.<\/p>\n\n\n\n<p class=\"has-text-align-center has-black-color has-text-color\"><em><strong>Ty&rsquo;Ron <\/strong><\/em>restera chez nous en tant que Famille d&rsquo;Accueil Longue Dur\u00e9e car il a un probl\u00e8me \u00e0 son petit C\u0153ur.<\/p>\n\n\n\n<p class=\"has-text-align-center has-black-color has-text-color\">Et oui ! mes humains sont aussi <strong>Famille d&rsquo;Accueil pour \u00ab\u00a0Les Petits Vagabonds\u00a0\u00bb<\/strong>, association bas\u00e9e \u00e0 Saint Malo.<\/p>\n\n\n\n<div class=\"wp-block-columns is-layout-flex wp-container-core-columns-is-layout-9d6595d7 wp-block-columns-is-layout-flex\">\n<div class=\"wp-block-column is-layout-flow wp-block-column-is-layout-flow\"><div class=\"wp-block-image is-style-rounded\">\n<figure class=\"alignright size-large is-resized\"><img loading=\"lazy\" decoding=\"async\" src=\"https:\/\/loustiketcie.fr\/wp-content\/uploads\/2021\/07\/received_348775780039100.jpeg\" alt=\"\" class=\"wp-image-2449\" width=\"388\" height=\"188\" srcset=\"https:\/\/loustiketcie.fr\/wp-content\/uploads\/2021\/07\/received_348775780039100.jpeg 756w, https:\/\/loustiketcie.fr\/wp-content\/uploads\/2021\/07\/received_348775780039100-300x146.jpeg 300w\" sizes=\"auto, (max-width: 388px) 100vw, 388px\" \/><\/figure>\n<\/div><\/div>\n\n\n\n<div class=\"wp-block-column is-layout-flow wp-block-column-is-layout-flow\">\n<figure class=\"wp-block-image size-large is-resized is-style-rounded\"><img loading=\"lazy\" decoding=\"async\" src=\"https:\/\/loustiketcie.fr\/wp-content\/uploads\/2021\/04\/TyRon-1-1024x498.jpeg\" alt=\"\" class=\"wp-image-2089\" width=\"402\" height=\"195\" srcset=\"https:\/\/loustiketcie.fr\/wp-content\/uploads\/2021\/04\/TyRon-1-1024x498.jpeg 1024w, https:\/\/loustiketcie.fr\/wp-content\/uploads\/2021\/04\/TyRon-1-300x146.jpeg 300w, https:\/\/loustiketcie.fr\/wp-content\/uploads\/2021\/04\/TyRon-1-768x373.jpeg 768w, https:\/\/loustiketcie.fr\/wp-content\/uploads\/2021\/04\/TyRon-1-1536x747.jpeg 1536w, https:\/\/loustiketcie.fr\/wp-content\/uploads\/2021\/04\/TyRon-1.jpeg 2016w\" sizes=\"auto, (max-width: 402px) 100vw, 402px\" \/><\/figure>\n<\/div>\n<\/div>\n\n\n\n<div class=\"wp-block-columns is-layout-flex wp-container-core-columns-is-layout-9d6595d7 wp-block-columns-is-layout-flex\">\n<div class=\"wp-block-column is-layout-flow wp-block-column-is-layout-flow\">\n<div class=\"wp-block-columns is-layout-flex wp-container-core-columns-is-layout-9d6595d7 wp-block-columns-is-layout-flex\">\n<div class=\"wp-block-column is-layout-flow wp-block-column-is-layout-flow\"><\/div>\n\n\n\n<div class=\"wp-block-column is-vertically-aligned-center is-layout-flow wp-block-column-is-layout-flow\"><\/div>\n<\/div>\n<\/div>\n\n\n\n<div class=\"wp-block-column is-vertically-aligned-center is-layout-flow wp-block-column-is-layout-flow\">\n<p class=\"has-text-align-center has-black-color has-text-color\"><\/p>\n<\/div>\n<\/div>\n\n\n\n<p class=\"has-text-align-center has-text-color has-medium-font-size\" style=\"color:#b9d022\"><em><strong>De cet AMOUR pour \u00ab&nbsp;NOUS les chats&nbsp;\u00bb, ils ont d\u00e9cid\u00e9 d&rsquo;ouvrir une petite pension f\u00e9line familiale afin d&rsquo;accueillir dans un environnement calme et serein de nouveaux copains pendant les absences de leurs humains.<\/strong><\/em> <\/p>\n\n\n\n<p class=\"has-text-align-center has-text-color has-medium-font-size\" style=\"color:#b9d022\"><strong><em>Ils ont donc  pass\u00e9 la formation ACACED pour pouvoir r\u00e9aliser ce r\u00eave. <\/em><\/strong><\/p>\n\n\n\n<p class=\"has-text-align-center has-black-color has-text-color\" style=\"font-size:16px\"><strong>(Certification ACACED N\u00b02021\/b1b8-c27b et N\u00b02022\/1ca8-2f34)<\/strong><\/p>\n\n\n\n<p><\/p>\n\n\n\n<p><\/p>\n\n\n\n<p class=\"has-text-align-center has-text-color has-medium-font-size\" style=\"color:#ce157e\"><b style=\"font-style: italic;\">Val\u00e9rie et Jean-Luc sont aussi de grands passionn\u00e9s  par les animaux depuis toujours<\/b>. <em style=\"\"><b>(chiens, chevaux, <\/b><\/em><strong><em>ch\u00e8vres, poules)<\/em><\/strong><\/p>\n\n\n\n<p class=\"has-text-align-center has-text-color has-medium-font-size\" style=\"color:#ce157e\"><strong><em>Certains nous ont quitt\u00e9s de vieillesse mais restent toujours dans leurs c\u0153urs.<\/em><\/strong><\/p>\n\n\n\n<div class=\"wp-block-columns is-layout-flex wp-container-core-columns-is-layout-9d6595d7 wp-block-columns-is-layout-flex\">\n<div class=\"wp-block-column is-layout-flow wp-block-column-is-layout-flow\"><div class=\"wp-block-image is-style-rounded\">\n<figure class=\"aligncenter size-large is-resized\"><img loading=\"lazy\" decoding=\"async\" src=\"https:\/\/loustiketcie.fr\/wp-content\/uploads\/2021\/05\/DSC02856-2-1024x768.jpg\" alt=\"\" class=\"wp-image-2240\" width=\"404\" height=\"303\" srcset=\"https:\/\/loustiketcie.fr\/wp-content\/uploads\/2021\/05\/DSC02856-2-1024x768.jpg 1024w, https:\/\/loustiketcie.fr\/wp-content\/uploads\/2021\/05\/DSC02856-2-300x225.jpg 300w, https:\/\/loustiketcie.fr\/wp-content\/uploads\/2021\/05\/DSC02856-2-768x576.jpg 768w, https:\/\/loustiketcie.fr\/wp-content\/uploads\/2021\/05\/DSC02856-2-1536x1152.jpg 1536w, https:\/\/loustiketcie.fr\/wp-content\/uploads\/2021\/05\/DSC02856-2-2048x1536.jpg 2048w\" sizes=\"auto, (max-width: 404px) 100vw, 404px\" \/><figcaption>                        <\/figcaption><\/figure>\n<\/div>\n\n\n<p class=\"has-text-align-center has-black-color has-text-color\"><strong>Siggi , L&rsquo;Nouka et Horst<\/strong><\/p>\n<\/div>\n\n\n\n<div class=\"wp-block-column is-layout-flow wp-block-column-is-layout-flow\">\n<figure class=\"wp-block-image size-large is-style-rounded\"><img loading=\"lazy\" decoding=\"async\" width=\"1024\" height=\"768\" src=\"https:\/\/loustiketcie.fr\/wp-content\/uploads\/2021\/05\/Photo0210-1024x768.jpg\" alt=\"\" class=\"wp-image-2247\" srcset=\"https:\/\/loustiketcie.fr\/wp-content\/uploads\/2021\/05\/Photo0210-1024x768.jpg 1024w, https:\/\/loustiketcie.fr\/wp-content\/uploads\/2021\/05\/Photo0210-300x225.jpg 300w, https:\/\/loustiketcie.fr\/wp-content\/uploads\/2021\/05\/Photo0210-768x576.jpg 768w, https:\/\/loustiketcie.fr\/wp-content\/uploads\/2021\/05\/Photo0210-1536x1152.jpg 1536w, https:\/\/loustiketcie.fr\/wp-content\/uploads\/2021\/05\/Photo0210-2048x1536.jpg 2048w\" sizes=\"auto, (max-width: 1024px) 100vw, 1024px\" \/><\/figure>\n\n\n\n<p class=\"has-text-align-center has-black-color has-text-color\"><strong>Alawa et Aponi<\/strong><\/p>\n<\/div>\n<\/div>\n\n\n\n<div class=\"wp-block-columns is-layout-flex wp-container-core-columns-is-layout-9d6595d7 wp-block-columns-is-layout-flex\">\n<div class=\"wp-block-column is-layout-flow wp-block-column-is-layout-flow\"><div class=\"wp-block-image is-style-rounded\">\n<figure class=\"aligncenter size-large is-resized\"><img loading=\"lazy\" decoding=\"async\" src=\"https:\/\/loustiketcie.fr\/wp-content\/uploads\/2021\/05\/mai-2011-046-768x1024.jpg\" alt=\"\" class=\"wp-image-2253\" width=\"314\" height=\"418\" srcset=\"https:\/\/loustiketcie.fr\/wp-content\/uploads\/2021\/05\/mai-2011-046-768x1024.jpg 768w, https:\/\/loustiketcie.fr\/wp-content\/uploads\/2021\/05\/mai-2011-046-225x300.jpg 225w, https:\/\/loustiketcie.fr\/wp-content\/uploads\/2021\/05\/mai-2011-046-1152x1536.jpg 1152w, https:\/\/loustiketcie.fr\/wp-content\/uploads\/2021\/05\/mai-2011-046-1536x2048.jpg 1536w, https:\/\/loustiketcie.fr\/wp-content\/uploads\/2021\/05\/mai-2011-046-scaled.jpg 1920w\" sizes=\"auto, (max-width: 314px) 100vw, 314px\" \/><\/figure>\n<\/div>\n\n\n<p class=\"has-text-align-center has-black-color has-text-color\"><strong>Caramelle et Chocolat<\/strong><\/p>\n<\/div>\n\n\n\n<div class=\"wp-block-column is-layout-flow wp-block-column-is-layout-flow\"><div class=\"wp-block-image is-style-rounded\">\n<figure class=\"aligncenter size-large is-resized\"><img loading=\"lazy\" decoding=\"async\" src=\"https:\/\/loustiketcie.fr\/wp-content\/uploads\/2021\/05\/Jazz-Gipsy-809x1024.jpg\" alt=\"\" class=\"wp-image-2254\" width=\"335\" height=\"424\" srcset=\"https:\/\/loustiketcie.fr\/wp-content\/uploads\/2021\/05\/Jazz-Gipsy-809x1024.jpg 809w, https:\/\/loustiketcie.fr\/wp-content\/uploads\/2021\/05\/Jazz-Gipsy-237x300.jpg 237w, https:\/\/loustiketcie.fr\/wp-content\/uploads\/2021\/05\/Jazz-Gipsy-768x972.jpg 768w, https:\/\/loustiketcie.fr\/wp-content\/uploads\/2021\/05\/Jazz-Gipsy-1213x1536.jpg 1213w, https:\/\/loustiketcie.fr\/wp-content\/uploads\/2021\/05\/Jazz-Gipsy-1618x2048.jpg 1618w, https:\/\/loustiketcie.fr\/wp-content\/uploads\/2021\/05\/Jazz-Gipsy.jpg 1960w\" sizes=\"auto, (max-width: 335px) 100vw, 335px\" \/><\/figure>\n<\/div>\n\n\n<p class=\"has-text-align-center has-black-color has-text-color\"><strong>Jipsy et Jazz<\/strong><\/p>\n<\/div>\n<\/div>\n\n\n\n<p><\/p>\n","protected":false},"excerpt":{"rendered":"<p>Bonjour ! Je m&rsquo;appelle Loustik . Je suis un charmant chat roux trouv\u00e9 par mon humaine, sur le bord d&rsquo;une route en 2017. Je n&rsquo;avais qu&rsquo;un mois et ne pesait &#8230;<\/p>\n","protected":false},"author":1,"featured_media":0,"parent":0,"menu_order":0,"comment_status":"closed","ping_status":"closed","template":"","meta":{"footnotes":""},"class_list":["post-1610","page","type-page","status-publish","hentry"],"yoast_head":"<!-- This site is optimized with the Yoast SEO plugin v27.4 - https:\/\/yoast.com\/product\/yoast-seo-wordpress\/ -->\n<title>Accueil - Loustik &amp; Cie<\/title>\n<meta name=\"description\" content=\"pension f\u00e9line, Plorec sur Arguenon, Loustik &amp; Cie, loustiketcie, pet-sitting , garde de chat , garde de chien, cat-sitting, pension pour chat, loustik et cie, loustiketcie.fr\" \/>\n<meta name=\"robots\" content=\"index, follow, max-snippet:-1, max-image-preview:large, max-video-preview:-1\" \/>\n<link rel=\"canonical\" href=\"https:\/\/loustiketcie.fr\/?page_id=1610\" \/>\n<meta property=\"og:locale\" content=\"fr_FR\" \/>\n<meta property=\"og:type\" content=\"article\" \/>\n<meta property=\"og:title\" content=\"Accueil - Loustik &amp; Cie\" \/>\n<meta property=\"og:description\" content=\"pension f\u00e9line, Plorec sur Arguenon, Loustik &amp; Cie, loustiketcie, pet-sitting , garde de chat , garde de chien, cat-sitting, pension pour chat, loustik et cie, loustiketcie.fr\" \/>\n<meta property=\"og:url\" content=\"https:\/\/loustiketcie.fr\/?page_id=1610\" \/>\n<meta property=\"og:site_name\" content=\"Loustik &amp; Cie\" \/>\n<meta property=\"article:modified_time\" content=\"2022-09-25T13:04:24+00:00\" \/>\n<meta property=\"og:image\" content=\"https:\/\/loustiketcie.fr\/wp-content\/uploads\/2021\/03\/20170608_141528_001-2-1024x576.jpg\" \/>\n<meta name=\"twitter:card\" content=\"summary_large_image\" \/>\n<meta name=\"twitter:label1\" content=\"Dur\u00e9e de lecture estim\u00e9e\" \/>\n\t<meta name=\"twitter:data1\" content=\"4 minutes\" \/>\n<script type=\"application\/ld+json\" class=\"yoast-schema-graph\">{\"@context\":\"https:\\\/\\\/schema.org\",\"@graph\":[{\"@type\":\"WebPage\",\"@id\":\"https:\\\/\\\/loustiketcie.fr\\\/?page_id=1610\",\"url\":\"https:\\\/\\\/loustiketcie.fr\\\/?page_id=1610\",\"name\":\"Accueil - Loustik &amp; Cie\",\"isPartOf\":{\"@id\":\"https:\\\/\\\/loustiketcie.fr\\\/#website\"},\"primaryImageOfPage\":{\"@id\":\"https:\\\/\\\/loustiketcie.fr\\\/?page_id=1610#primaryimage\"},\"image\":{\"@id\":\"https:\\\/\\\/loustiketcie.fr\\\/?page_id=1610#primaryimage\"},\"thumbnailUrl\":\"https:\\\/\\\/loustiketcie.fr\\\/wp-content\\\/uploads\\\/2021\\\/03\\\/20170608_141528_001-2-1024x576.jpg\",\"datePublished\":\"2021-03-19T16:11:50+00:00\",\"dateModified\":\"2022-09-25T13:04:24+00:00\",\"description\":\"pension f\u00e9line, Plorec sur Arguenon, Loustik & Cie, loustiketcie, pet-sitting , garde de chat , garde de chien, cat-sitting, pension pour chat, loustik et cie, loustiketcie.fr\",\"breadcrumb\":{\"@id\":\"https:\\\/\\\/loustiketcie.fr\\\/?page_id=1610#breadcrumb\"},\"inLanguage\":\"fr-FR\",\"potentialAction\":[{\"@type\":\"ReadAction\",\"target\":[\"https:\\\/\\\/loustiketcie.fr\\\/?page_id=1610\"]}]},{\"@type\":\"ImageObject\",\"inLanguage\":\"fr-FR\",\"@id\":\"https:\\\/\\\/loustiketcie.fr\\\/?page_id=1610#primaryimage\",\"url\":\"https:\\\/\\\/loustiketcie.fr\\\/wp-content\\\/uploads\\\/2021\\\/03\\\/20170608_141528_001-2-1024x576.jpg\",\"contentUrl\":\"https:\\\/\\\/loustiketcie.fr\\\/wp-content\\\/uploads\\\/2021\\\/03\\\/20170608_141528_001-2-1024x576.jpg\"},{\"@type\":\"BreadcrumbList\",\"@id\":\"https:\\\/\\\/loustiketcie.fr\\\/?page_id=1610#breadcrumb\",\"itemListElement\":[{\"@type\":\"ListItem\",\"position\":1,\"name\":\"Accueil\",\"item\":\"https:\\\/\\\/loustiketcie.fr\\\/\"},{\"@type\":\"ListItem\",\"position\":2,\"name\":\"Accueil\"}]},{\"@type\":\"WebSite\",\"@id\":\"https:\\\/\\\/loustiketcie.fr\\\/#website\",\"url\":\"https:\\\/\\\/loustiketcie.fr\\\/\",\"name\":\"Loustik &amp; Cie\",\"description\":\"Pet-Sitting\",\"publisher\":{\"@id\":\"https:\\\/\\\/loustiketcie.fr\\\/#organization\"},\"potentialAction\":[{\"@type\":\"SearchAction\",\"target\":{\"@type\":\"EntryPoint\",\"urlTemplate\":\"https:\\\/\\\/loustiketcie.fr\\\/?s={search_term_string}\"},\"query-input\":{\"@type\":\"PropertyValueSpecification\",\"valueRequired\":true,\"valueName\":\"search_term_string\"}}],\"inLanguage\":\"fr-FR\"},{\"@type\":\"Organization\",\"@id\":\"https:\\\/\\\/loustiketcie.fr\\\/#organization\",\"name\":\"Loustik & Cie\",\"url\":\"https:\\\/\\\/loustiketcie.fr\\\/\",\"logo\":{\"@type\":\"ImageObject\",\"inLanguage\":\"fr-FR\",\"@id\":\"https:\\\/\\\/loustiketcie.fr\\\/#\\\/schema\\\/logo\\\/image\\\/\",\"url\":\"https:\\\/\\\/loustiketcie.fr\\\/wp-content\\\/uploads\\\/2021\\\/03\\\/LOGO-seul-e1616163280945.jpg\",\"contentUrl\":\"https:\\\/\\\/loustiketcie.fr\\\/wp-content\\\/uploads\\\/2021\\\/03\\\/LOGO-seul-e1616163280945.jpg\",\"width\":200,\"height\":200,\"caption\":\"Loustik & Cie\"},\"image\":{\"@id\":\"https:\\\/\\\/loustiketcie.fr\\\/#\\\/schema\\\/logo\\\/image\\\/\"}}]}<\/script>\n<!-- \/ Yoast SEO plugin. -->","yoast_head_json":{"title":"Accueil - Loustik &amp; Cie","description":"pension f\u00e9line, Plorec sur Arguenon, Loustik & Cie, loustiketcie, pet-sitting , garde de chat , garde de chien, cat-sitting, pension pour chat, loustik et cie, loustiketcie.fr","robots":{"index":"index","follow":"follow","max-snippet":"max-snippet:-1","max-image-preview":"max-image-preview:large","max-video-preview":"max-video-preview:-1"},"canonical":"https:\/\/loustiketcie.fr\/?page_id=1610","og_locale":"fr_FR","og_type":"article","og_title":"Accueil - Loustik &amp; Cie","og_description":"pension f\u00e9line, Plorec sur Arguenon, Loustik & Cie, loustiketcie, pet-sitting , garde de chat , garde de chien, cat-sitting, pension pour chat, loustik et cie, loustiketcie.fr","og_url":"https:\/\/loustiketcie.fr\/?page_id=1610","og_site_name":"Loustik &amp; Cie","article_modified_time":"2022-09-25T13:04:24+00:00","og_image":[{"url":"https:\/\/loustiketcie.fr\/wp-content\/uploads\/2021\/03\/20170608_141528_001-2-1024x576.jpg","type":"","width":"","height":""}],"twitter_card":"summary_large_image","twitter_misc":{"Dur\u00e9e de lecture estim\u00e9e":"4 minutes"},"schema":{"@context":"https:\/\/schema.org","@graph":[{"@type":"WebPage","@id":"https:\/\/loustiketcie.fr\/?page_id=1610","url":"https:\/\/loustiketcie.fr\/?page_id=1610","name":"Accueil - Loustik &amp; Cie","isPartOf":{"@id":"https:\/\/loustiketcie.fr\/#website"},"primaryImageOfPage":{"@id":"https:\/\/loustiketcie.fr\/?page_id=1610#primaryimage"},"image":{"@id":"https:\/\/loustiketcie.fr\/?page_id=1610#primaryimage"},"thumbnailUrl":"https:\/\/loustiketcie.fr\/wp-content\/uploads\/2021\/03\/20170608_141528_001-2-1024x576.jpg","datePublished":"2021-03-19T16:11:50+00:00","dateModified":"2022-09-25T13:04:24+00:00","description":"pension f\u00e9line, Plorec sur Arguenon, Loustik & Cie, loustiketcie, pet-sitting , garde de chat , garde de chien, cat-sitting, pension pour chat, loustik et cie, loustiketcie.fr","breadcrumb":{"@id":"https:\/\/loustiketcie.fr\/?page_id=1610#breadcrumb"},"inLanguage":"fr-FR","potentialAction":[{"@type":"ReadAction","target":["https:\/\/loustiketcie.fr\/?page_id=1610"]}]},{"@type":"ImageObject","inLanguage":"fr-FR","@id":"https:\/\/loustiketcie.fr\/?page_id=1610#primaryimage","url":"https:\/\/loustiketcie.fr\/wp-content\/uploads\/2021\/03\/20170608_141528_001-2-1024x576.jpg","contentUrl":"https:\/\/loustiketcie.fr\/wp-content\/uploads\/2021\/03\/20170608_141528_001-2-1024x576.jpg"},{"@type":"BreadcrumbList","@id":"https:\/\/loustiketcie.fr\/?page_id=1610#breadcrumb","itemListElement":[{"@type":"ListItem","position":1,"name":"Accueil","item":"https:\/\/loustiketcie.fr\/"},{"@type":"ListItem","position":2,"name":"Accueil"}]},{"@type":"WebSite","@id":"https:\/\/loustiketcie.fr\/#website","url":"https:\/\/loustiketcie.fr\/","name":"Loustik &amp; Cie","description":"Pet-Sitting","publisher":{"@id":"https:\/\/loustiketcie.fr\/#organization"},"potentialAction":[{"@type":"SearchAction","target":{"@type":"EntryPoint","urlTemplate":"https:\/\/loustiketcie.fr\/?s={search_term_string}"},"query-input":{"@type":"PropertyValueSpecification","valueRequired":true,"valueName":"search_term_string"}}],"inLanguage":"fr-FR"},{"@type":"Organization","@id":"https:\/\/loustiketcie.fr\/#organization","name":"Loustik & Cie","url":"https:\/\/loustiketcie.fr\/","logo":{"@type":"ImageObject","inLanguage":"fr-FR","@id":"https:\/\/loustiketcie.fr\/#\/schema\/logo\/image\/","url":"https:\/\/loustiketcie.fr\/wp-content\/uploads\/2021\/03\/LOGO-seul-e1616163280945.jpg","contentUrl":"https:\/\/loustiketcie.fr\/wp-content\/uploads\/2021\/03\/LOGO-seul-e1616163280945.jpg","width":200,"height":200,"caption":"Loustik & Cie"},"image":{"@id":"https:\/\/loustiketcie.fr\/#\/schema\/logo\/image\/"}}]}},"_links":{"self":[{"href":"https:\/\/loustiketcie.fr\/index.php?rest_route=\/wp\/v2\/pages\/1610","targetHints":{"allow":["GET"]}}],"collection":[{"href":"https:\/\/loustiketcie.fr\/index.php?rest_route=\/wp\/v2\/pages"}],"about":[{"href":"https:\/\/loustiketcie.fr\/index.php?rest_route=\/wp\/v2\/types\/page"}],"author":[{"embeddable":true,"href":"https:\/\/loustiketcie.fr\/index.php?rest_route=\/wp\/v2\/users\/1"}],"replies":[{"embeddable":true,"href":"https:\/\/loustiketcie.fr\/index.php?rest_route=%2Fwp%2Fv2%2Fcomments&post=1610"}],"version-history":[{"count":85,"href":"https:\/\/loustiketcie.fr\/index.php?rest_route=\/wp\/v2\/pages\/1610\/revisions"}],"predecessor-version":[{"id":3625,"href":"https:\/\/loustiketcie.fr\/index.php?rest_route=\/wp\/v2\/pages\/1610\/revisions\/3625"}],"wp:attachment":[{"href":"https:\/\/loustiketcie.fr\/index.php?rest_route=%2Fwp%2Fv2%2Fmedia&parent=1610"}],"curies":[{"name":"wp","href":"https:\/\/api.w.org\/{rel}","templated":true}]}}