{"id":2208,"date":"2021-05-06T09:28:09","date_gmt":"2021-05-06T07:28:09","guid":{"rendered":"https:\/\/loustiketcie.fr\/?page_id=2208"},"modified":"2025-12-15T11:18:03","modified_gmt":"2025-12-15T10:18:03","slug":"fiche-de-renseignements-pet-sitting","status":"publish","type":"page","link":"https:\/\/loustiketcie.fr\/?page_id=2208","title":{"rendered":"Fiche de renseignements Pet-Sitting"},"content":{"rendered":"<div class=\"wp-block-image is-style-rounded\">\n<figure class=\"aligncenter size-large is-resized\"><img loading=\"lazy\" decoding=\"async\" width=\"768\" height=\"511\" src=\"https:\/\/loustiketcie.fr\/wp-content\/uploads\/2021\/05\/f6acc4e13347bcec0d64b00663ce8d7f.jpg\" alt=\"\" class=\"wp-image-2270\" style=\"width:426px;height:283px\" srcset=\"https:\/\/loustiketcie.fr\/wp-content\/uploads\/2021\/05\/f6acc4e13347bcec0d64b00663ce8d7f.jpg 768w, https:\/\/loustiketcie.fr\/wp-content\/uploads\/2021\/05\/f6acc4e13347bcec0d64b00663ce8d7f-300x200.jpg 300w\" sizes=\"auto, (max-width: 768px) 100vw, 768px\" \/><\/figure>\n<\/div>\n\n\n<p class=\"has-text-color has-medium-font-size\" style=\"color:#b9d022\"><em>Donnez-moi toutes les informations n\u00e9cessaires pour m&rsquo;occuper au mieux de votre petit prot\u00e9g\u00e9 durant votre absence.<\/em><\/p>\n\n\n\n<p class=\"has-text-color has-normal-font-size\" style=\"color:#ce157e\"><strong>T\u00e9l\u00e9chargez et remplissez les fiches ci-dessous ainsi que l&rsquo;autorisation v\u00e9t\u00e9rinaire.<\/strong><\/p>\n\n\n\n<div class=\"wp-block-file\"><a id=\"wp-block-file--media-a17af241-f3c0-4d72-a969-377877300255\" href=\"https:\/\/loustiketcie.fr\/wp-content\/uploads\/2025\/12\/Contrat-reservation-Pet-Sitting-2026.pdf\">Contrat-r\u00e9servation-Pet-Sitting-2026<\/a><a href=\"https:\/\/loustiketcie.fr\/wp-content\/uploads\/2025\/12\/Contrat-reservation-Pet-Sitting-2026.pdf\" class=\"wp-block-file__button wp-element-button\" download aria-describedby=\"wp-block-file--media-a17af241-f3c0-4d72-a969-377877300255\">T\u00e9l\u00e9charger<\/a><\/div>\n\n\n\n<div class=\"wp-block-file\"><a id=\"wp-block-file--media-eeaca632-80f4-415b-aca3-e83d89bb3748\" href=\"https:\/\/loustiketcie.fr\/wp-content\/uploads\/2021\/12\/Fiche-de-Renseignements-Pet-Sitting.pdf\">Fiche-de-renseignements-Pet-Sitting<\/a><a href=\"https:\/\/loustiketcie.fr\/wp-content\/uploads\/2021\/12\/Fiche-de-Renseignements-Pet-Sitting.pdf\" class=\"wp-block-file__button wp-element-button\" download aria-describedby=\"wp-block-file--media-eeaca632-80f4-415b-aca3-e83d89bb3748\">T\u00e9l\u00e9charger<\/a><\/div>\n\n\n\n<div class=\"wp-block-file\"><a id=\"wp-block-file--media-dca2e90b-8982-4cea-8312-519ec2d2d52a\" href=\"https:\/\/loustiketcie.fr\/wp-content\/uploads\/2023\/01\/Autorisation-visite-veterinaire.pdf\">Autorisation-visite-v\u00e9t\u00e9rinaire<\/a><a href=\"https:\/\/loustiketcie.fr\/wp-content\/uploads\/2023\/01\/Autorisation-visite-veterinaire.pdf\" class=\"wp-block-file__button wp-element-button\" download aria-describedby=\"wp-block-file--media-dca2e90b-8982-4cea-8312-519ec2d2d52a\">T\u00e9l\u00e9charger<\/a><\/div>\n\n\n\n<p><\/p>\n","protected":false},"excerpt":{"rendered":"<p>Donnez-moi toutes les informations n\u00e9cessaires pour m&rsquo;occuper au mieux de votre petit prot\u00e9g\u00e9 durant votre absence. T\u00e9l\u00e9chargez et remplissez les fiches ci-dessous ainsi que l&rsquo;autorisation v\u00e9t\u00e9rinaire.<\/p>\n","protected":false},"author":1,"featured_media":0,"parent":0,"menu_order":0,"comment_status":"closed","ping_status":"closed","template":"","meta":{"footnotes":""},"class_list":["post-2208","page","type-page","status-publish","hentry"],"yoast_head":"<!-- This site is optimized with the Yoast SEO plugin v27.4 - https:\/\/yoast.com\/product\/yoast-seo-wordpress\/ -->\n<title>Fiche de renseignements Pet-Sitting - Loustik &amp; Cie<\/title>\n<meta name=\"robots\" content=\"index, follow, max-snippet:-1, max-image-preview:large, max-video-preview:-1\" \/>\n<link rel=\"canonical\" href=\"https:\/\/loustiketcie.fr\/?page_id=2208\" \/>\n<meta property=\"og:locale\" content=\"fr_FR\" \/>\n<meta property=\"og:type\" content=\"article\" \/>\n<meta property=\"og:title\" content=\"Fiche de renseignements Pet-Sitting - Loustik &amp; Cie\" \/>\n<meta property=\"og:description\" content=\"Donnez-moi toutes les informations n\u00e9cessaires pour m&rsquo;occuper au mieux de votre petit prot\u00e9g\u00e9 durant votre absence. T\u00e9l\u00e9chargez et remplissez les fiches ci-dessous ainsi que l&rsquo;autorisation v\u00e9t\u00e9rinaire.\" \/>\n<meta property=\"og:url\" content=\"https:\/\/loustiketcie.fr\/?page_id=2208\" \/>\n<meta property=\"og:site_name\" content=\"Loustik &amp; Cie\" \/>\n<meta property=\"article:modified_time\" content=\"2025-12-15T10:18:03+00:00\" \/>\n<meta property=\"og:image\" content=\"https:\/\/loustiketcie.fr\/wp-content\/uploads\/2021\/05\/f6acc4e13347bcec0d64b00663ce8d7f.jpg\" \/>\n\t<meta property=\"og:image:width\" content=\"768\" \/>\n\t<meta property=\"og:image:height\" content=\"511\" \/>\n\t<meta property=\"og:image:type\" content=\"image\/jpeg\" \/>\n<meta name=\"twitter:card\" content=\"summary_large_image\" \/>\n<meta name=\"twitter:label1\" content=\"Dur\u00e9e de lecture estim\u00e9e\" \/>\n\t<meta name=\"twitter:data1\" content=\"1 minute\" \/>\n<script type=\"application\/ld+json\" class=\"yoast-schema-graph\">{\"@context\":\"https:\\\/\\\/schema.org\",\"@graph\":[{\"@type\":\"WebPage\",\"@id\":\"https:\\\/\\\/loustiketcie.fr\\\/?page_id=2208\",\"url\":\"https:\\\/\\\/loustiketcie.fr\\\/?page_id=2208\",\"name\":\"Fiche de renseignements Pet-Sitting - Loustik &amp; Cie\",\"isPartOf\":{\"@id\":\"https:\\\/\\\/loustiketcie.fr\\\/#website\"},\"primaryImageOfPage\":{\"@id\":\"https:\\\/\\\/loustiketcie.fr\\\/?page_id=2208#primaryimage\"},\"image\":{\"@id\":\"https:\\\/\\\/loustiketcie.fr\\\/?page_id=2208#primaryimage\"},\"thumbnailUrl\":\"https:\\\/\\\/loustiketcie.fr\\\/wp-content\\\/uploads\\\/2021\\\/05\\\/f6acc4e13347bcec0d64b00663ce8d7f.jpg\",\"datePublished\":\"2021-05-06T07:28:09+00:00\",\"dateModified\":\"2025-12-15T10:18:03+00:00\",\"breadcrumb\":{\"@id\":\"https:\\\/\\\/loustiketcie.fr\\\/?page_id=2208#breadcrumb\"},\"inLanguage\":\"fr-FR\",\"potentialAction\":[{\"@type\":\"ReadAction\",\"target\":[\"https:\\\/\\\/loustiketcie.fr\\\/?page_id=2208\"]}]},{\"@type\":\"ImageObject\",\"inLanguage\":\"fr-FR\",\"@id\":\"https:\\\/\\\/loustiketcie.fr\\\/?page_id=2208#primaryimage\",\"url\":\"https:\\\/\\\/loustiketcie.fr\\\/wp-content\\\/uploads\\\/2021\\\/05\\\/f6acc4e13347bcec0d64b00663ce8d7f.jpg\",\"contentUrl\":\"https:\\\/\\\/loustiketcie.fr\\\/wp-content\\\/uploads\\\/2021\\\/05\\\/f6acc4e13347bcec0d64b00663ce8d7f.jpg\",\"width\":768,\"height\":511},{\"@type\":\"BreadcrumbList\",\"@id\":\"https:\\\/\\\/loustiketcie.fr\\\/?page_id=2208#breadcrumb\",\"itemListElement\":[{\"@type\":\"ListItem\",\"position\":1,\"name\":\"Accueil\",\"item\":\"https:\\\/\\\/loustiketcie.fr\\\/\"},{\"@type\":\"ListItem\",\"position\":2,\"name\":\"Fiche de renseignements Pet-Sitting\"}]},{\"@type\":\"WebSite\",\"@id\":\"https:\\\/\\\/loustiketcie.fr\\\/#website\",\"url\":\"https:\\\/\\\/loustiketcie.fr\\\/\",\"name\":\"Loustik &amp; Cie\",\"description\":\"Pet-Sitting\",\"publisher\":{\"@id\":\"https:\\\/\\\/loustiketcie.fr\\\/#organization\"},\"potentialAction\":[{\"@type\":\"SearchAction\",\"target\":{\"@type\":\"EntryPoint\",\"urlTemplate\":\"https:\\\/\\\/loustiketcie.fr\\\/?s={search_term_string}\"},\"query-input\":{\"@type\":\"PropertyValueSpecification\",\"valueRequired\":true,\"valueName\":\"search_term_string\"}}],\"inLanguage\":\"fr-FR\"},{\"@type\":\"Organization\",\"@id\":\"https:\\\/\\\/loustiketcie.fr\\\/#organization\",\"name\":\"Loustik & Cie\",\"url\":\"https:\\\/\\\/loustiketcie.fr\\\/\",\"logo\":{\"@type\":\"ImageObject\",\"inLanguage\":\"fr-FR\",\"@id\":\"https:\\\/\\\/loustiketcie.fr\\\/#\\\/schema\\\/logo\\\/image\\\/\",\"url\":\"https:\\\/\\\/loustiketcie.fr\\\/wp-content\\\/uploads\\\/2021\\\/03\\\/LOGO-seul-e1616163280945.jpg\",\"contentUrl\":\"https:\\\/\\\/loustiketcie.fr\\\/wp-content\\\/uploads\\\/2021\\\/03\\\/LOGO-seul-e1616163280945.jpg\",\"width\":200,\"height\":200,\"caption\":\"Loustik & Cie\"},\"image\":{\"@id\":\"https:\\\/\\\/loustiketcie.fr\\\/#\\\/schema\\\/logo\\\/image\\\/\"}}]}<\/script>\n<!-- \/ Yoast SEO plugin. -->","yoast_head_json":{"title":"Fiche de renseignements Pet-Sitting - Loustik &amp; Cie","robots":{"index":"index","follow":"follow","max-snippet":"max-snippet:-1","max-image-preview":"max-image-preview:large","max-video-preview":"max-video-preview:-1"},"canonical":"https:\/\/loustiketcie.fr\/?page_id=2208","og_locale":"fr_FR","og_type":"article","og_title":"Fiche de renseignements Pet-Sitting - Loustik &amp; Cie","og_description":"Donnez-moi toutes les informations n\u00e9cessaires pour m&rsquo;occuper au mieux de votre petit prot\u00e9g\u00e9 durant votre absence. T\u00e9l\u00e9chargez et remplissez les fiches ci-dessous ainsi que l&rsquo;autorisation v\u00e9t\u00e9rinaire.","og_url":"https:\/\/loustiketcie.fr\/?page_id=2208","og_site_name":"Loustik &amp; Cie","article_modified_time":"2025-12-15T10:18:03+00:00","og_image":[{"width":768,"height":511,"url":"https:\/\/loustiketcie.fr\/wp-content\/uploads\/2021\/05\/f6acc4e13347bcec0d64b00663ce8d7f.jpg","type":"image\/jpeg"}],"twitter_card":"summary_large_image","twitter_misc":{"Dur\u00e9e de lecture estim\u00e9e":"1 minute"},"schema":{"@context":"https:\/\/schema.org","@graph":[{"@type":"WebPage","@id":"https:\/\/loustiketcie.fr\/?page_id=2208","url":"https:\/\/loustiketcie.fr\/?page_id=2208","name":"Fiche de renseignements Pet-Sitting - Loustik &amp; Cie","isPartOf":{"@id":"https:\/\/loustiketcie.fr\/#website"},"primaryImageOfPage":{"@id":"https:\/\/loustiketcie.fr\/?page_id=2208#primaryimage"},"image":{"@id":"https:\/\/loustiketcie.fr\/?page_id=2208#primaryimage"},"thumbnailUrl":"https:\/\/loustiketcie.fr\/wp-content\/uploads\/2021\/05\/f6acc4e13347bcec0d64b00663ce8d7f.jpg","datePublished":"2021-05-06T07:28:09+00:00","dateModified":"2025-12-15T10:18:03+00:00","breadcrumb":{"@id":"https:\/\/loustiketcie.fr\/?page_id=2208#breadcrumb"},"inLanguage":"fr-FR","potentialAction":[{"@type":"ReadAction","target":["https:\/\/loustiketcie.fr\/?page_id=2208"]}]},{"@type":"ImageObject","inLanguage":"fr-FR","@id":"https:\/\/loustiketcie.fr\/?page_id=2208#primaryimage","url":"https:\/\/loustiketcie.fr\/wp-content\/uploads\/2021\/05\/f6acc4e13347bcec0d64b00663ce8d7f.jpg","contentUrl":"https:\/\/loustiketcie.fr\/wp-content\/uploads\/2021\/05\/f6acc4e13347bcec0d64b00663ce8d7f.jpg","width":768,"height":511},{"@type":"BreadcrumbList","@id":"https:\/\/loustiketcie.fr\/?page_id=2208#breadcrumb","itemListElement":[{"@type":"ListItem","position":1,"name":"Accueil","item":"https:\/\/loustiketcie.fr\/"},{"@type":"ListItem","position":2,"name":"Fiche de renseignements Pet-Sitting"}]},{"@type":"WebSite","@id":"https:\/\/loustiketcie.fr\/#website","url":"https:\/\/loustiketcie.fr\/","name":"Loustik &amp; Cie","description":"Pet-Sitting","publisher":{"@id":"https:\/\/loustiketcie.fr\/#organization"},"potentialAction":[{"@type":"SearchAction","target":{"@type":"EntryPoint","urlTemplate":"https:\/\/loustiketcie.fr\/?s={search_term_string}"},"query-input":{"@type":"PropertyValueSpecification","valueRequired":true,"valueName":"search_term_string"}}],"inLanguage":"fr-FR"},{"@type":"Organization","@id":"https:\/\/loustiketcie.fr\/#organization","name":"Loustik & Cie","url":"https:\/\/loustiketcie.fr\/","logo":{"@type":"ImageObject","inLanguage":"fr-FR","@id":"https:\/\/loustiketcie.fr\/#\/schema\/logo\/image\/","url":"https:\/\/loustiketcie.fr\/wp-content\/uploads\/2021\/03\/LOGO-seul-e1616163280945.jpg","contentUrl":"https:\/\/loustiketcie.fr\/wp-content\/uploads\/2021\/03\/LOGO-seul-e1616163280945.jpg","width":200,"height":200,"caption":"Loustik & Cie"},"image":{"@id":"https:\/\/loustiketcie.fr\/#\/schema\/logo\/image\/"}}]}},"_links":{"self":[{"href":"https:\/\/loustiketcie.fr\/index.php?rest_route=\/wp\/v2\/pages\/2208","targetHints":{"allow":["GET"]}}],"collection":[{"href":"https:\/\/loustiketcie.fr\/index.php?rest_route=\/wp\/v2\/pages"}],"about":[{"href":"https:\/\/loustiketcie.fr\/index.php?rest_route=\/wp\/v2\/types\/page"}],"author":[{"embeddable":true,"href":"https:\/\/loustiketcie.fr\/index.php?rest_route=\/wp\/v2\/users\/1"}],"replies":[{"embeddable":true,"href":"https:\/\/loustiketcie.fr\/index.php?rest_route=%2Fwp%2Fv2%2Fcomments&post=2208"}],"version-history":[{"count":31,"href":"https:\/\/loustiketcie.fr\/index.php?rest_route=\/wp\/v2\/pages\/2208\/revisions"}],"predecessor-version":[{"id":5684,"href":"https:\/\/loustiketcie.fr\/index.php?rest_route=\/wp\/v2\/pages\/2208\/revisions\/5684"}],"wp:attachment":[{"href":"https:\/\/loustiketcie.fr\/index.php?rest_route=%2Fwp%2Fv2%2Fmedia&parent=2208"}],"curies":[{"name":"wp","href":"https:\/\/api.w.org\/{rel}","templated":true}]}}