{"id":24,"date":"2021-03-15T14:50:57","date_gmt":"2021-03-15T13:50:57","guid":{"rendered":"https:\/\/loustiketcie.fr\/?page_id=24"},"modified":"2025-01-22T10:18:46","modified_gmt":"2025-01-22T09:18:46","slug":"la-pension","status":"publish","type":"page","link":"https:\/\/loustiketcie.fr\/?page_id=24","title":{"rendered":"La Pension"},"content":{"rendered":"\n<p class=\"has-text-align-center has-text-color has-medium-font-size\" style=\"color:#b9d022\">La pension<em> Loustik &amp; Cie<\/em> est une petite pension familiale situ\u00e9e au sein m\u00eame de notre domicile.<\/p>\n\n\n\n<p class=\"has-text-align-center has-black-color has-text-color\">Nous sommes \u00e0 Plorec-sur-Arguenon, en pleine nature dans un cadre calme, serein et reposant.<\/p>\n\n\n\n<p class=\"has-text-align-center has-black-color has-text-color\"><em>Saint Brieux 40 mn, Lamballe 25 mn, Saint Malo 45 mn, Dinan 25 mn, Dinard 40 mn, Rennes 50 mn.<\/em><\/p>\n\n\n\n<div class=\"wp-block-columns is-layout-flex wp-container-core-columns-is-layout-9d6595d7 wp-block-columns-is-layout-flex\">\n<div class=\"wp-block-column is-layout-flow wp-block-column-is-layout-flow\">\n<figure class=\"wp-block-image size-large is-style-rounded\" id=\"https:\/\/loustiketcie.fr\/wp-content\/uploads\/2021\/04\/20191108_130651-scaled.jpg\"><img loading=\"lazy\" decoding=\"async\" width=\"1024\" height=\"498\" src=\"https:\/\/loustiketcie.fr\/wp-content\/uploads\/2021\/04\/20191108_130651-1024x498.jpg\" alt=\"\" class=\"wp-image-1820\" srcset=\"https:\/\/loustiketcie.fr\/wp-content\/uploads\/2021\/04\/20191108_130651-1024x498.jpg 1024w, https:\/\/loustiketcie.fr\/wp-content\/uploads\/2021\/04\/20191108_130651-300x146.jpg 300w, https:\/\/loustiketcie.fr\/wp-content\/uploads\/2021\/04\/20191108_130651-768x373.jpg 768w, https:\/\/loustiketcie.fr\/wp-content\/uploads\/2021\/04\/20191108_130651-1536x747.jpg 1536w, https:\/\/loustiketcie.fr\/wp-content\/uploads\/2021\/04\/20191108_130651-2048x996.jpg 2048w\" sizes=\"auto, (max-width: 1024px) 100vw, 1024px\" \/><\/figure>\n<\/div>\n\n\n\n<div class=\"wp-block-column is-layout-flow wp-block-column-is-layout-flow\">\n<figure class=\"wp-block-image size-large is-style-rounded\" id=\"https:\/\/loustiketcie.fr\/wp-content\/uploads\/2021\/05\/20210506_185504-scaled.jpg\"><img loading=\"lazy\" decoding=\"async\" width=\"1024\" height=\"495\" src=\"https:\/\/loustiketcie.fr\/wp-content\/uploads\/2021\/05\/20210506_185504-1024x495.jpg\" alt=\"\" class=\"wp-image-2304\" srcset=\"https:\/\/loustiketcie.fr\/wp-content\/uploads\/2021\/05\/20210506_185504-1024x495.jpg 1024w, https:\/\/loustiketcie.fr\/wp-content\/uploads\/2021\/05\/20210506_185504-300x145.jpg 300w, https:\/\/loustiketcie.fr\/wp-content\/uploads\/2021\/05\/20210506_185504-768x371.jpg 768w, https:\/\/loustiketcie.fr\/wp-content\/uploads\/2021\/05\/20210506_185504-1536x742.jpg 1536w, https:\/\/loustiketcie.fr\/wp-content\/uploads\/2021\/05\/20210506_185504-2048x990.jpg 2048w\" sizes=\"auto, (max-width: 1024px) 100vw, 1024px\" \/><\/figure>\n<\/div>\n<\/div>\n\n\n\n<p><\/p>\n\n\n\n<div class=\"wp-block-columns is-layout-flex wp-container-core-columns-is-layout-9d6595d7 wp-block-columns-is-layout-flex\">\n<div class=\"wp-block-column is-vertically-aligned-center is-layout-flow wp-block-column-is-layout-flow\"><\/div>\n<\/div>\n\n\n\n<div class=\"wp-block-columns is-layout-flex wp-container-core-columns-is-layout-9d6595d7 wp-block-columns-is-layout-flex\">\n<div class=\"wp-block-column is-layout-flow wp-block-column-is-layout-flow\"><\/div>\n<\/div>\n\n\n\n<div class=\"wp-block-columns is-layout-flex wp-container-core-columns-is-layout-9d6595d7 wp-block-columns-is-layout-flex\">\n<div class=\"wp-block-column is-layout-flow wp-block-column-is-layout-flow\"><div class=\"wp-block-image is-style-default\">\n<figure class=\"aligncenter size-large is-resized\" id=\"https:\/\/loustiketcie.fr\/wp-content\/uploads\/2021\/05\/20210506_172859-scaled.jpg\"><img loading=\"lazy\" decoding=\"async\" width=\"461\" height=\"1024\" src=\"https:\/\/loustiketcie.fr\/wp-content\/uploads\/2023\/01\/20230105_100443-461x1024.jpg\" alt=\"\" class=\"wp-image-3851\" style=\"width:227px;height:502px\" srcset=\"https:\/\/loustiketcie.fr\/wp-content\/uploads\/2023\/01\/20230105_100443-461x1024.jpg 461w, https:\/\/loustiketcie.fr\/wp-content\/uploads\/2023\/01\/20230105_100443-135x300.jpg 135w, https:\/\/loustiketcie.fr\/wp-content\/uploads\/2023\/01\/20230105_100443-768x1707.jpg 768w, https:\/\/loustiketcie.fr\/wp-content\/uploads\/2023\/01\/20230105_100443-691x1536.jpg 691w, https:\/\/loustiketcie.fr\/wp-content\/uploads\/2023\/01\/20230105_100443-922x2048.jpg 922w, https:\/\/loustiketcie.fr\/wp-content\/uploads\/2023\/01\/20230105_100443-scaled.jpg 1152w\" sizes=\"auto, (max-width: 461px) 100vw, 461px\" \/><\/figure>\n<\/div><\/div>\n\n\n\n<div class=\"wp-block-column is-vertically-aligned-center is-layout-flow wp-block-column-is-layout-flow\">\n<p class=\"has-text-align-center has-text-color has-medium-font-size\" style=\"color:#b9d022\"><em>La pension poss\u00e8de 8 chambres confortables, s\u00e9curis\u00e9es et lumineuses. <\/em><\/p>\n\n\n\n<p class=\"has-text-align-center has-black-color has-text-color\">Vos petits prot\u00e9g\u00e9s auront \u00e0 leur disposition diff\u00e9rents endroits de couchage selon leurs envies (arbre \u00e0 chats individuel, console murale, coussins), des jouets, des gamelles et bien s\u00fbr  une maison de toilettes.<\/p>\n\n\n\n<p class=\"has-text-align-center has-black-color has-text-color\">Nous restons  tr\u00e8s vigilants \u00e0 la sant\u00e9 de votre fid\u00e8le compagnon et avons choisi des arbres \u00e0 chats dont les coussins sont lavables en machine.<\/p>\n<\/div>\n<\/div>\n\n\n\n<div class=\"wp-block-columns is-layout-flex wp-container-core-columns-is-layout-9d6595d7 wp-block-columns-is-layout-flex\">\n<div class=\"wp-block-column is-vertically-aligned-center is-layout-flow wp-block-column-is-layout-flow\">\n<p class=\"has-text-align-center has-black-color has-text-color\">Nous proposons aussi un tr\u00e8s bel espace de plus de 15 m2 \u00e9quip\u00e9 de diff\u00e9rents jeux ludiques, d&rsquo;un grand arbre \u00e0 chats et de hamacs. <\/p>\n\n\n\n<p class=\"has-text-align-center has-black-color has-text-color\">Votre chat y aura acc\u00e8s tous les jours en notre compagnie, pour pouvoir s&rsquo;y divertir \u00e0 souhait.<\/p>\n\n\n\n<p class=\"has-text-align-center has-black-color has-text-color\"><\/p>\n\n\n\n<p class=\"has-text-align-center has-black-color has-text-color\"><\/p>\n<\/div>\n\n\n\n<div class=\"wp-block-column is-layout-flow wp-block-column-is-layout-flow\"><div class=\"wp-block-image is-style-default\">\n<figure class=\"aligncenter size-large is-resized\" id=\"https:\/\/loustiketcie.fr\/wp-content\/uploads\/2021\/05\/20210506_172353-scaled.jpg\"><img loading=\"lazy\" decoding=\"async\" width=\"1024\" height=\"461\" src=\"https:\/\/loustiketcie.fr\/wp-content\/uploads\/2023\/01\/20230105_100731-1024x461.jpg\" alt=\"\" class=\"wp-image-3853\" style=\"width:618px;height:278px\" srcset=\"https:\/\/loustiketcie.fr\/wp-content\/uploads\/2023\/01\/20230105_100731-1024x461.jpg 1024w, https:\/\/loustiketcie.fr\/wp-content\/uploads\/2023\/01\/20230105_100731-300x135.jpg 300w, https:\/\/loustiketcie.fr\/wp-content\/uploads\/2023\/01\/20230105_100731-768x345.jpg 768w, https:\/\/loustiketcie.fr\/wp-content\/uploads\/2023\/01\/20230105_100731-1536x691.jpg 1536w, https:\/\/loustiketcie.fr\/wp-content\/uploads\/2023\/01\/20230105_100731-2048x921.jpg 2048w\" sizes=\"auto, (max-width: 1024px) 100vw, 1024px\" \/><\/figure>\n<\/div><\/div>\n<\/div>\n\n\n\n<div class=\"wp-block-columns is-layout-flex wp-container-core-columns-is-layout-9d6595d7 wp-block-columns-is-layout-flex\">\n<div class=\"wp-block-column is-layout-flow wp-block-column-is-layout-flow\">\n<figure class=\"wp-block-image size-large is-style-rounded\" id=\"https:\/\/loustiketcie.fr\/wp-content\/uploads\/2021\/05\/20210506_173942-scaled.jpg\"><img loading=\"lazy\" decoding=\"async\" width=\"1024\" height=\"498\" src=\"https:\/\/loustiketcie.fr\/wp-content\/uploads\/2021\/05\/20210506_173942-1024x498.jpg\" alt=\"\" class=\"wp-image-2294\" srcset=\"https:\/\/loustiketcie.fr\/wp-content\/uploads\/2021\/05\/20210506_173942-1024x498.jpg 1024w, https:\/\/loustiketcie.fr\/wp-content\/uploads\/2021\/05\/20210506_173942-300x146.jpg 300w, https:\/\/loustiketcie.fr\/wp-content\/uploads\/2021\/05\/20210506_173942-768x373.jpg 768w, https:\/\/loustiketcie.fr\/wp-content\/uploads\/2021\/05\/20210506_173942-1536x747.jpg 1536w, https:\/\/loustiketcie.fr\/wp-content\/uploads\/2021\/05\/20210506_173942-2048x996.jpg 2048w\" sizes=\"auto, (max-width: 1024px) 100vw, 1024px\" \/><\/figure>\n<\/div>\n\n\n\n<div class=\"wp-block-column is-vertically-aligned-center is-layout-flow wp-block-column-is-layout-flow\">\n<p class=\"has-text-align-center has-black-color has-text-color\">La pension est dot\u00e9e d&rsquo;un renouvellement de l&rsquo;air ambiant et de chauffage pour l&rsquo;hiver.<\/p>\n\n\n\n<p class=\"has-text-align-center has-black-color has-text-color\"> Une protection et surveillance  par cam\u00e9ras 24\/24.<\/p>\n<\/div>\n<\/div>\n\n\n\n<div class=\"wp-block-columns is-layout-flex wp-container-core-columns-is-layout-9d6595d7 wp-block-columns-is-layout-flex\">\n<div class=\"wp-block-column is-layout-flow wp-block-column-is-layout-flow\" style=\"flex-basis:66.66%\"><\/div>\n\n\n\n<div class=\"wp-block-column is-layout-flow wp-block-column-is-layout-flow\" style=\"flex-basis:33.33%\">\n<div class=\"wp-block-buttons is-layout-flex wp-block-buttons-is-layout-flex\">\n<div class=\"wp-block-button is-style-outline is-style-outline--1\"><a class=\"wp-block-button__link has-electric-grass-gradient-background has-background wp-element-button\" href=\"https:\/\/loustiketcie.fr\/?page_id=27\" rel=\"https:\/\/loustiketcie.fr\/?page_id=27\">Tarifs<\/a><\/div>\n\n\n\n<div class=\"wp-block-button is-style-outline is-style-outline--2\"><a class=\"wp-block-button__link has-electric-grass-gradient-background has-background wp-element-button\" href=\"https:\/\/loustiketcie.fr\/?page_id=28\" rel=\"https:\/\/loustiketcie.fr\/?page_id=28\">R\u00e9servation <\/a><\/div>\n<\/div>\n<\/div>\n<\/div>\n","protected":false},"excerpt":{"rendered":"<p>La pension Loustik &amp; Cie est une petite pension familiale situ\u00e9e au sein m\u00eame de notre domicile. Nous sommes \u00e0 Plorec-sur-Arguenon, en pleine nature dans un cadre calme, serein et &#8230;<\/p>\n","protected":false},"author":1,"featured_media":2280,"parent":0,"menu_order":0,"comment_status":"closed","ping_status":"closed","template":"","meta":{"footnotes":""},"class_list":["post-24","page","type-page","status-publish","has-post-thumbnail","hentry"],"yoast_head":"<!-- This site is optimized with the Yoast SEO plugin v27.4 - https:\/\/yoast.com\/product\/yoast-seo-wordpress\/ -->\n<title>La Pension - Loustik &amp; Cie Image<\/title>\n<meta name=\"description\" content=\"pension f\u00e9line, Plorec sur Arguenon, Loustik &amp; Cie, loustiketcie, pet-sitting , garde de chat , garde de chien, cat-sitting, pension pour chat, loustik et cie, loustiketcie.fr\" \/>\n<meta name=\"robots\" content=\"index, follow, max-snippet:-1, max-image-preview:large, max-video-preview:-1\" \/>\n<link rel=\"canonical\" href=\"https:\/\/loustiketcie.fr\/?page_id=24\" \/>\n<meta property=\"og:locale\" content=\"fr_FR\" \/>\n<meta property=\"og:type\" content=\"article\" \/>\n<meta property=\"og:title\" content=\"La Pension - Loustik &amp; Cie Image\" \/>\n<meta property=\"og:description\" content=\"pension f\u00e9line, Plorec sur Arguenon, Loustik &amp; Cie, loustiketcie, pet-sitting , garde de chat , garde de chien, cat-sitting, pension pour chat, loustik et cie, loustiketcie.fr\" \/>\n<meta property=\"og:url\" content=\"https:\/\/loustiketcie.fr\/?page_id=24\" \/>\n<meta property=\"og:site_name\" content=\"Loustik &amp; Cie\" \/>\n<meta property=\"article:modified_time\" content=\"2025-01-22T09:18:46+00:00\" \/>\n<meta property=\"og:image\" content=\"https:\/\/loustiketcie.fr\/wp-content\/uploads\/2021\/05\/20210506_172353-scaled.jpg\" \/>\n\t<meta property=\"og:image:width\" content=\"2560\" \/>\n\t<meta property=\"og:image:height\" content=\"1244\" \/>\n\t<meta property=\"og:image:type\" content=\"image\/jpeg\" \/>\n<meta name=\"twitter:card\" content=\"summary_large_image\" \/>\n<meta name=\"twitter:label1\" content=\"Dur\u00e9e de lecture estim\u00e9e\" \/>\n\t<meta name=\"twitter:data1\" content=\"2 minutes\" \/>\n<script type=\"application\/ld+json\" class=\"yoast-schema-graph\">{\"@context\":\"https:\\\/\\\/schema.org\",\"@graph\":[{\"@type\":\"WebPage\",\"@id\":\"https:\\\/\\\/loustiketcie.fr\\\/?page_id=24\",\"url\":\"https:\\\/\\\/loustiketcie.fr\\\/?page_id=24\",\"name\":\"La Pension - Loustik &amp; Cie Image\",\"isPartOf\":{\"@id\":\"https:\\\/\\\/loustiketcie.fr\\\/#website\"},\"primaryImageOfPage\":{\"@id\":\"https:\\\/\\\/loustiketcie.fr\\\/?page_id=24#primaryimage\"},\"image\":{\"@id\":\"https:\\\/\\\/loustiketcie.fr\\\/?page_id=24#primaryimage\"},\"thumbnailUrl\":\"https:\\\/\\\/loustiketcie.fr\\\/wp-content\\\/uploads\\\/2021\\\/05\\\/20210506_172353-scaled.jpg\",\"datePublished\":\"2021-03-15T13:50:57+00:00\",\"dateModified\":\"2025-01-22T09:18:46+00:00\",\"description\":\"pension f\u00e9line, Plorec sur Arguenon, Loustik & Cie, loustiketcie, pet-sitting , garde de chat , garde de chien, cat-sitting, pension pour chat, loustik et cie, loustiketcie.fr\",\"breadcrumb\":{\"@id\":\"https:\\\/\\\/loustiketcie.fr\\\/?page_id=24#breadcrumb\"},\"inLanguage\":\"fr-FR\",\"potentialAction\":[{\"@type\":\"ReadAction\",\"target\":[\"https:\\\/\\\/loustiketcie.fr\\\/?page_id=24\"]}]},{\"@type\":\"ImageObject\",\"inLanguage\":\"fr-FR\",\"@id\":\"https:\\\/\\\/loustiketcie.fr\\\/?page_id=24#primaryimage\",\"url\":\"https:\\\/\\\/loustiketcie.fr\\\/wp-content\\\/uploads\\\/2021\\\/05\\\/20210506_172353-scaled.jpg\",\"contentUrl\":\"https:\\\/\\\/loustiketcie.fr\\\/wp-content\\\/uploads\\\/2021\\\/05\\\/20210506_172353-scaled.jpg\",\"width\":2560,\"height\":1244},{\"@type\":\"BreadcrumbList\",\"@id\":\"https:\\\/\\\/loustiketcie.fr\\\/?page_id=24#breadcrumb\",\"itemListElement\":[{\"@type\":\"ListItem\",\"position\":1,\"name\":\"Accueil\",\"item\":\"https:\\\/\\\/loustiketcie.fr\\\/\"},{\"@type\":\"ListItem\",\"position\":2,\"name\":\"La Pension\"}]},{\"@type\":\"WebSite\",\"@id\":\"https:\\\/\\\/loustiketcie.fr\\\/#website\",\"url\":\"https:\\\/\\\/loustiketcie.fr\\\/\",\"name\":\"Loustik &amp; Cie\",\"description\":\"Pet-Sitting\",\"publisher\":{\"@id\":\"https:\\\/\\\/loustiketcie.fr\\\/#organization\"},\"potentialAction\":[{\"@type\":\"SearchAction\",\"target\":{\"@type\":\"EntryPoint\",\"urlTemplate\":\"https:\\\/\\\/loustiketcie.fr\\\/?s={search_term_string}\"},\"query-input\":{\"@type\":\"PropertyValueSpecification\",\"valueRequired\":true,\"valueName\":\"search_term_string\"}}],\"inLanguage\":\"fr-FR\"},{\"@type\":\"Organization\",\"@id\":\"https:\\\/\\\/loustiketcie.fr\\\/#organization\",\"name\":\"Loustik & Cie\",\"url\":\"https:\\\/\\\/loustiketcie.fr\\\/\",\"logo\":{\"@type\":\"ImageObject\",\"inLanguage\":\"fr-FR\",\"@id\":\"https:\\\/\\\/loustiketcie.fr\\\/#\\\/schema\\\/logo\\\/image\\\/\",\"url\":\"https:\\\/\\\/loustiketcie.fr\\\/wp-content\\\/uploads\\\/2021\\\/03\\\/LOGO-seul-e1616163280945.jpg\",\"contentUrl\":\"https:\\\/\\\/loustiketcie.fr\\\/wp-content\\\/uploads\\\/2021\\\/03\\\/LOGO-seul-e1616163280945.jpg\",\"width\":200,\"height\":200,\"caption\":\"Loustik & Cie\"},\"image\":{\"@id\":\"https:\\\/\\\/loustiketcie.fr\\\/#\\\/schema\\\/logo\\\/image\\\/\"}}]}<\/script>\n<!-- \/ Yoast SEO plugin. -->","yoast_head_json":{"title":"La Pension - Loustik &amp; Cie Image","description":"pension f\u00e9line, Plorec sur Arguenon, Loustik & Cie, loustiketcie, pet-sitting , garde de chat , garde de chien, cat-sitting, pension pour chat, loustik et cie, loustiketcie.fr","robots":{"index":"index","follow":"follow","max-snippet":"max-snippet:-1","max-image-preview":"max-image-preview:large","max-video-preview":"max-video-preview:-1"},"canonical":"https:\/\/loustiketcie.fr\/?page_id=24","og_locale":"fr_FR","og_type":"article","og_title":"La Pension - Loustik &amp; Cie Image","og_description":"pension f\u00e9line, Plorec sur Arguenon, Loustik & Cie, loustiketcie, pet-sitting , garde de chat , garde de chien, cat-sitting, pension pour chat, loustik et cie, loustiketcie.fr","og_url":"https:\/\/loustiketcie.fr\/?page_id=24","og_site_name":"Loustik &amp; Cie","article_modified_time":"2025-01-22T09:18:46+00:00","og_image":[{"width":2560,"height":1244,"url":"https:\/\/loustiketcie.fr\/wp-content\/uploads\/2021\/05\/20210506_172353-scaled.jpg","type":"image\/jpeg"}],"twitter_card":"summary_large_image","twitter_misc":{"Dur\u00e9e de lecture estim\u00e9e":"2 minutes"},"schema":{"@context":"https:\/\/schema.org","@graph":[{"@type":"WebPage","@id":"https:\/\/loustiketcie.fr\/?page_id=24","url":"https:\/\/loustiketcie.fr\/?page_id=24","name":"La Pension - Loustik &amp; Cie Image","isPartOf":{"@id":"https:\/\/loustiketcie.fr\/#website"},"primaryImageOfPage":{"@id":"https:\/\/loustiketcie.fr\/?page_id=24#primaryimage"},"image":{"@id":"https:\/\/loustiketcie.fr\/?page_id=24#primaryimage"},"thumbnailUrl":"https:\/\/loustiketcie.fr\/wp-content\/uploads\/2021\/05\/20210506_172353-scaled.jpg","datePublished":"2021-03-15T13:50:57+00:00","dateModified":"2025-01-22T09:18:46+00:00","description":"pension f\u00e9line, Plorec sur Arguenon, Loustik & Cie, loustiketcie, pet-sitting , garde de chat , garde de chien, cat-sitting, pension pour chat, loustik et cie, loustiketcie.fr","breadcrumb":{"@id":"https:\/\/loustiketcie.fr\/?page_id=24#breadcrumb"},"inLanguage":"fr-FR","potentialAction":[{"@type":"ReadAction","target":["https:\/\/loustiketcie.fr\/?page_id=24"]}]},{"@type":"ImageObject","inLanguage":"fr-FR","@id":"https:\/\/loustiketcie.fr\/?page_id=24#primaryimage","url":"https:\/\/loustiketcie.fr\/wp-content\/uploads\/2021\/05\/20210506_172353-scaled.jpg","contentUrl":"https:\/\/loustiketcie.fr\/wp-content\/uploads\/2021\/05\/20210506_172353-scaled.jpg","width":2560,"height":1244},{"@type":"BreadcrumbList","@id":"https:\/\/loustiketcie.fr\/?page_id=24#breadcrumb","itemListElement":[{"@type":"ListItem","position":1,"name":"Accueil","item":"https:\/\/loustiketcie.fr\/"},{"@type":"ListItem","position":2,"name":"La Pension"}]},{"@type":"WebSite","@id":"https:\/\/loustiketcie.fr\/#website","url":"https:\/\/loustiketcie.fr\/","name":"Loustik &amp; Cie","description":"Pet-Sitting","publisher":{"@id":"https:\/\/loustiketcie.fr\/#organization"},"potentialAction":[{"@type":"SearchAction","target":{"@type":"EntryPoint","urlTemplate":"https:\/\/loustiketcie.fr\/?s={search_term_string}"},"query-input":{"@type":"PropertyValueSpecification","valueRequired":true,"valueName":"search_term_string"}}],"inLanguage":"fr-FR"},{"@type":"Organization","@id":"https:\/\/loustiketcie.fr\/#organization","name":"Loustik & Cie","url":"https:\/\/loustiketcie.fr\/","logo":{"@type":"ImageObject","inLanguage":"fr-FR","@id":"https:\/\/loustiketcie.fr\/#\/schema\/logo\/image\/","url":"https:\/\/loustiketcie.fr\/wp-content\/uploads\/2021\/03\/LOGO-seul-e1616163280945.jpg","contentUrl":"https:\/\/loustiketcie.fr\/wp-content\/uploads\/2021\/03\/LOGO-seul-e1616163280945.jpg","width":200,"height":200,"caption":"Loustik & Cie"},"image":{"@id":"https:\/\/loustiketcie.fr\/#\/schema\/logo\/image\/"}}]}},"_links":{"self":[{"href":"https:\/\/loustiketcie.fr\/index.php?rest_route=\/wp\/v2\/pages\/24","targetHints":{"allow":["GET"]}}],"collection":[{"href":"https:\/\/loustiketcie.fr\/index.php?rest_route=\/wp\/v2\/pages"}],"about":[{"href":"https:\/\/loustiketcie.fr\/index.php?rest_route=\/wp\/v2\/types\/page"}],"author":[{"embeddable":true,"href":"https:\/\/loustiketcie.fr\/index.php?rest_route=\/wp\/v2\/users\/1"}],"replies":[{"embeddable":true,"href":"https:\/\/loustiketcie.fr\/index.php?rest_route=%2Fwp%2Fv2%2Fcomments&post=24"}],"version-history":[{"count":58,"href":"https:\/\/loustiketcie.fr\/index.php?rest_route=\/wp\/v2\/pages\/24\/revisions"}],"predecessor-version":[{"id":5171,"href":"https:\/\/loustiketcie.fr\/index.php?rest_route=\/wp\/v2\/pages\/24\/revisions\/5171"}],"wp:featuredmedia":[{"embeddable":true,"href":"https:\/\/loustiketcie.fr\/index.php?rest_route=\/wp\/v2\/media\/2280"}],"wp:attachment":[{"href":"https:\/\/loustiketcie.fr\/index.php?rest_route=%2Fwp%2Fv2%2Fmedia&parent=24"}],"curies":[{"name":"wp","href":"https:\/\/api.w.org\/{rel}","templated":true}]}}