{"id":29,"date":"2021-03-15T14:50:57","date_gmt":"2021-03-15T13:50:57","guid":{"rendered":"https:\/\/loustiketcie.fr\/?page_id=29"},"modified":"2025-12-15T11:15:02","modified_gmt":"2025-12-15T10:15:02","slug":"pet-sitting","status":"publish","type":"page","link":"https:\/\/loustiketcie.fr\/?page_id=29","title":{"rendered":"Pet-Sitting"},"content":{"rendered":"\n<p class=\"has-text-align-center has-text-color has-large-font-size\" style=\"color:#ce157e\"><strong>Garde de Chats et Chiens \u00e0 domicile 7j\/7j<\/strong><\/p>\n\n\n\n<p class=\"has-text-align-center has-black-color has-text-color has-normal-font-size\"><strong>(Certification ACACED N\u00b02021\/b1b8-c27b)<\/strong><\/p>\n\n\n\n<p class=\"has-text-align-center has-text-color\" style=\"color:#b9d022;font-size:23px\"><em><strong>Partez l\u2019esprit tranquille, je m\u2019occupe de lui.<\/strong><\/em><\/p>\n\n\n<div class=\"wp-block-image is-style-default\">\n<figure class=\"aligncenter size-large is-resized\"><img loading=\"lazy\" decoding=\"async\" width=\"564\" height=\"564\" src=\"https:\/\/loustiketcie.fr\/wp-content\/uploads\/2021\/04\/1-LOGOS-PET-SITTING-noir-definitif.jpg\" alt=\"\" class=\"wp-image-1883\" style=\"width:339px;height:339px\" srcset=\"https:\/\/loustiketcie.fr\/wp-content\/uploads\/2021\/04\/1-LOGOS-PET-SITTING-noir-definitif.jpg 564w, https:\/\/loustiketcie.fr\/wp-content\/uploads\/2021\/04\/1-LOGOS-PET-SITTING-noir-definitif-300x300.jpg 300w, https:\/\/loustiketcie.fr\/wp-content\/uploads\/2021\/04\/1-LOGOS-PET-SITTING-noir-definitif-150x150.jpg 150w\" sizes=\"auto, (max-width: 564px) 100vw, 564px\" \/><\/figure>\n<\/div>\n\n\n<p class=\"has-text-align-center has-black-color has-text-color has-normal-font-size\"><strong>Que vous vous absentiez par obligations professionnelles, cong\u00e9s ou probl\u00e8mes de sant\u00e9.<\/strong><\/p>\n\n\n\n<p class=\"has-text-align-center has-black-color has-text-color has-normal-font-size\"><strong>N\u2019h\u00e9sitez pas \u00e0 me contacter, je prendrai bien soin de votre\/vos petits prot\u00e9g\u00e9s en votre absence.<\/strong><\/p>\n\n\n\n<p class=\"has-text-align-center has-black-color has-text-color has-normal-font-size\"><\/p>\n\n\n\n<p class=\"has-text-align-center has-black-color has-text-color has-medium-font-size\"><strong>Pr\u00e9-visite- obligatoire pour tout nouvel animal&nbsp;:&nbsp;&nbsp;&nbsp;&nbsp; 10 \u20ac*<\/strong><\/p>\n\n\n\n<p class=\"has-text-align-center has-black-color has-text-color has-normal-font-size\"><strong>Etablir ensemble tous les besoins de votre animal en votre absence.<\/strong><\/p>\n\n\n\n<div class=\"wp-block-columns is-layout-flex wp-container-core-columns-is-layout-9d6595d7 wp-block-columns-is-layout-flex\">\n<div class=\"wp-block-column is-layout-flow wp-block-column-is-layout-flow\">\n<p class=\"has-text-align-center has-black-color has-text-color\"><\/p>\n<\/div>\n\n\n\n<div class=\"wp-block-column is-layout-flow wp-block-column-is-layout-flow\">\n<p class=\"has-text-align-center has-black-color has-text-color\"><\/p>\n<\/div>\n<\/div>\n\n\n\n<div class=\"wp-block-columns is-layout-flex wp-container-core-columns-is-layout-9d6595d7 wp-block-columns-is-layout-flex\">\n<div class=\"wp-block-column is-layout-flow wp-block-column-is-layout-flow\" style=\"flex-basis:33.33%\"><div class=\"wp-block-image\">\n<figure class=\"alignright size-large is-resized\"><img loading=\"lazy\" decoding=\"async\" width=\"736\" height=\"736\" src=\"https:\/\/loustiketcie.fr\/wp-content\/uploads\/2021\/04\/071862dc46566f79ab8aa947619da9e8.jpg\" alt=\"\" class=\"wp-image-1821\" style=\"width:135px;height:135px\" srcset=\"https:\/\/loustiketcie.fr\/wp-content\/uploads\/2021\/04\/071862dc46566f79ab8aa947619da9e8.jpg 736w, https:\/\/loustiketcie.fr\/wp-content\/uploads\/2021\/04\/071862dc46566f79ab8aa947619da9e8-300x300.jpg 300w, https:\/\/loustiketcie.fr\/wp-content\/uploads\/2021\/04\/071862dc46566f79ab8aa947619da9e8-150x150.jpg 150w\" sizes=\"auto, (max-width: 736px) 100vw, 736px\" \/><\/figure>\n<\/div><\/div>\n\n\n\n<div class=\"wp-block-column is-layout-flow wp-block-column-is-layout-flow\" style=\"flex-basis:66.66%\">\n<p><\/p>\n\n\n\n<p class=\"has-text-align-left has-black-color has-text-color\"><\/p>\n\n\n\n<p class=\"has-text-align-left has-black-color has-text-color\">Visite 1 \u00e0 3 chats : 17 \u20ac\/passage*<\/p>\n\n\n\n<p class=\"has-text-align-left has-black-color has-text-color\">Chat suppl\u00e9mentaire&nbsp;: 5 \u20ac\/animal\/passage*<\/p>\n\n\n\n<p class=\"has-black-color has-text-color\">        <em>Dimanches et jours f\u00e9ri\u00e9s&nbsp;: + 25 %<\/em><\/p>\n<\/div>\n<\/div>\n\n\n\n<p class=\"has-text-align-center has-black-color has-text-color has-link-color wp-elements-1c6ca3456bf46cda99b97626a6b8105a\"><strong>Une visite dure de 30 \u00e0 45 mn, elle comprend la v\u00e9rification des points d\u2019eau, de nourriture, ainsi que le nettoyage des gamelles ; le nettoyage de la liti\u00e8re, le brossage si votre chat l\u2019appr\u00e9cie<\/strong>, <strong>beaucoup d&rsquo;attention, de jeux et de c\u00e2lins.<\/strong><\/p>\n\n\n\n<p class=\"has-text-align-center has-black-color has-text-color\"><strong>Et si vous le souhaitez des nouvelles avec photos.<\/strong><\/p>\n\n\n\n<div class=\"wp-block-columns is-layout-flex wp-container-core-columns-is-layout-9d6595d7 wp-block-columns-is-layout-flex\">\n<div class=\"wp-block-column is-layout-flow wp-block-column-is-layout-flow\">\n<p><\/p>\n\n\n\n<p><\/p>\n\n\n\n<div class=\"wp-block-columns is-layout-flex wp-container-core-columns-is-layout-9d6595d7 wp-block-columns-is-layout-flex\">\n<div class=\"wp-block-column is-layout-flow wp-block-column-is-layout-flow\">\n<p><\/p>\n\n\n\n<p><\/p>\n<\/div>\n<\/div>\n\n\n\n<p><\/p>\n<\/div>\n<\/div>\n\n\n\n<div class=\"wp-block-columns is-layout-flex wp-container-core-columns-is-layout-9d6595d7 wp-block-columns-is-layout-flex\">\n<div class=\"wp-block-column is-layout-flow wp-block-column-is-layout-flow\">\n<p><\/p>\n<\/div>\n<\/div>\n\n\n\n<div class=\"wp-block-columns is-layout-flex wp-container-core-columns-is-layout-9d6595d7 wp-block-columns-is-layout-flex\">\n<div class=\"wp-block-column is-layout-flow wp-block-column-is-layout-flow\">\n<p class=\"has-text-align-center has-black-color has-text-color\">Visite 1 \u00e0 2 chiens\u00a0: 17 \u20ac\/passage*<\/p>\n\n\n\n<p class=\"has-text-align-center has-black-color has-text-color\">Chien suppl\u00e9mentaire&nbsp;: 5 \u20ac\/animal\/passage*<\/p>\n\n\n\n<p class=\"has-text-align-center has-black-color has-text-color\">Promenade suppl\u00e9mentaire \u00bd h&nbsp;: 8 \u20ac&nbsp;<\/p>\n\n\n\n<p class=\"has-text-align-center has-black-color has-text-color\">Promenade suppl\u00e9mentaire 1 h\u00a0: 15 \u20ac<\/p>\n\n\n\n<p class=\"has-text-align-center has-black-color has-text-color\"><em>Dimanches et jours f\u00e9ri\u00e9s&nbsp;: + 25 %<\/em><\/p>\n<\/div>\n\n\n\n<div class=\"wp-block-column is-layout-flow wp-block-column-is-layout-flow\"><div class=\"wp-block-image\">\n<figure class=\"alignleft size-large is-resized\"><img loading=\"lazy\" decoding=\"async\" width=\"70\" height=\"93\" src=\"https:\/\/loustiketcie.fr\/wp-content\/uploads\/2021\/04\/epingle-chien-e1619517655692.jpg\" alt=\"\" class=\"wp-image-1874\" style=\"width:107px;height:142px\"\/><\/figure>\n<\/div><\/div>\n<\/div>\n\n\n\n<p class=\"has-text-align-center has-black-color has-text-color\"><strong>Une visite dure environ 45 mn, elle comprend la v\u00e9rification des points d\u2019eau, de nourriture, ainsi que le nettoyage des gamelles ; une sortie dans le jardin ou le lieu habituel pour ses besoins, le brossage si votre chien l\u2019appr\u00e9cie, beaucoup d\u2019attention, des jeux et des c\u00e2lins. <\/strong><\/p>\n\n\n\n<p class=\"has-text-align-center has-black-color has-text-color\"><strong>Et si vous le souhaitez des nouvelles avec photos.<\/strong><\/p>\n\n\n\n<div class=\"wp-block-columns is-layout-flex wp-container-core-columns-is-layout-9d6595d7 wp-block-columns-is-layout-flex\">\n<div class=\"wp-block-column is-layout-flow wp-block-column-is-layout-flow\">\n<p class=\"has-text-align-center has-text-color\" style=\"color:#ce157e\"><strong>En cas de probl\u00e8me m\u00e9dical ou autre, je vous averti et j\u2019interviens d\u2019urgence<\/strong>.<\/p>\n<\/div>\n<\/div>\n\n\n\n<div class=\"wp-block-columns is-layout-flex wp-container-core-columns-is-layout-9d6595d7 wp-block-columns-is-layout-flex\">\n<div class=\"wp-block-column is-layout-flow wp-block-column-is-layout-flow\"><\/div>\n\n\n\n<div class=\"wp-block-column is-vertically-aligned-center has-black-color has-text-color is-layout-flow wp-block-column-is-layout-flow\">\n<p class=\"has-text-align-center\"><\/p>\n<\/div>\n<\/div>\n\n\n\n<div class=\"wp-block-columns is-layout-flex wp-container-core-columns-is-layout-9d6595d7 wp-block-columns-is-layout-flex\">\n<div class=\"wp-block-column is-layout-flow wp-block-column-is-layout-flow\">\n<p class=\"has-black-color has-text-color\"><\/p>\n<\/div>\n<\/div>\n\n\n\n<div class=\"wp-block-columns is-layout-flex wp-container-core-columns-is-layout-9d6595d7 wp-block-columns-is-layout-flex\">\n<div class=\"wp-block-column is-layout-flow wp-block-column-is-layout-flow\">\n<p class=\"has-text-align-center has-black-color has-text-color has-link-color has-medium-font-size wp-elements-a9f1fc5eb93ca9c3457889610f78ae43\"><strong>Traitement (oral ou local) : 2 \u20ac\/soin<\/strong> <\/p>\n\n\n\n<p class=\"has-text-align-center has-black-color has-text-color has-link-color has-medium-font-size wp-elements-b2fe3845e872b0093452ab42dbbd44fc\"><em>(ordonnance et traitement fournis par le client).<\/em><\/p>\n<\/div>\n<\/div>\n\n\n\n<p class=\"has-text-align-center has-black-color has-text-color has-medium-font-size\"><strong>*<em>Secteur Plorec-sur-Arguenon<\/em><\/strong><\/p>\n\n\n\n<p><\/p>\n\n\n\n<p><\/p>\n\n\n\n<p class=\"has-text-align-center has-black-color has-text-color\"><em>Frais de d\u00e9placement au-dessus de 10 km&nbsp;: 0.50 \u20ac\/km<\/em><\/p>\n\n\n\n<p class=\"has-text-align-center has-text-color has-normal-font-size\" style=\"color:#b9d022\"><strong><em>Pour les longues absences ou les grandes tribus, n\u2019h\u00e9sitez pas \u00e0 me demander un DEVIS<\/em>.<\/strong> <\/p>\n\n\n\n<p class=\"has-text-align-center has-black-color has-text-color\"><em>Certaines mutuelles prennent en charge tout ou partie des frais de garde de vos petits prot\u00e9g\u00e9s si vous \u00eates malade ou hospitalis\u00e9.<\/em><\/p>\n\n\n\n<div class=\"wp-block-columns is-layout-flex wp-container-core-columns-is-layout-9d6595d7 wp-block-columns-is-layout-flex\">\n<div class=\"wp-block-column is-layout-flow wp-block-column-is-layout-flow\"><\/div>\n<\/div>\n\n\n\n<div class=\"wp-block-columns is-layout-flex wp-container-core-columns-is-layout-9d6595d7 wp-block-columns-is-layout-flex\">\n<div class=\"wp-block-column is-layout-flow wp-block-column-is-layout-flow\"><\/div>\n<\/div>\n\n\n\n<div class=\"wp-block-buttons is-horizontal is-content-justification-right is-layout-flex wp-container-core-buttons-is-layout-ae2fe186 wp-block-buttons-is-layout-flex\">\n<div class=\"wp-block-button is-style-outline is-style-outline--1\"><a class=\"wp-block-button__link has-black-color has-electric-grass-gradient-background has-text-color has-background wp-element-button\" href=\"https:\/\/loustiketcie.fr\/?page_id=2208\">Fiche de renseignements Pet-Sitting<\/a><\/div>\n<\/div>\n\n\n\n<p><\/p>\n","protected":false},"excerpt":{"rendered":"<p>Garde de Chats et Chiens \u00e0 domicile 7j\/7j (Certification ACACED N\u00b02021\/b1b8-c27b) Partez l\u2019esprit tranquille, je m\u2019occupe de lui. Que vous vous absentiez par obligations professionnelles, cong\u00e9s ou probl\u00e8mes de sant\u00e9. &#8230;<\/p>\n","protected":false},"author":1,"featured_media":0,"parent":0,"menu_order":0,"comment_status":"closed","ping_status":"closed","template":"","meta":{"footnotes":""},"class_list":["post-29","page","type-page","status-publish","hentry"],"yoast_head":"<!-- This site is optimized with the Yoast SEO plugin v27.4 - https:\/\/yoast.com\/product\/yoast-seo-wordpress\/ -->\n<title>Pet-Sitting - Loustik &amp; Cie<\/title>\n<meta name=\"description\" content=\"pension f\u00e9line, Plorec sur Arguenon, Loustik &amp; Cie, loustiketcie, pet-sitting , garde de chat , garde de chien, cat-sitting, pension pour chat, loustik et cie, loustiketcie.fr\" \/>\n<meta name=\"robots\" content=\"index, follow, max-snippet:-1, max-image-preview:large, max-video-preview:-1\" \/>\n<link rel=\"canonical\" href=\"https:\/\/loustiketcie.fr\/?page_id=29\" \/>\n<meta property=\"og:locale\" content=\"fr_FR\" \/>\n<meta property=\"og:type\" content=\"article\" \/>\n<meta property=\"og:title\" content=\"Pet-Sitting - Loustik &amp; Cie\" \/>\n<meta property=\"og:description\" content=\"pension f\u00e9line, Plorec sur Arguenon, Loustik &amp; Cie, loustiketcie, pet-sitting , garde de chat , garde de chien, cat-sitting, pension pour chat, loustik et cie, loustiketcie.fr\" \/>\n<meta property=\"og:url\" content=\"https:\/\/loustiketcie.fr\/?page_id=29\" \/>\n<meta property=\"og:site_name\" content=\"Loustik &amp; Cie\" \/>\n<meta property=\"article:modified_time\" content=\"2025-12-15T10:15:02+00:00\" \/>\n<meta property=\"og:image\" content=\"https:\/\/loustiketcie.fr\/wp-content\/uploads\/2021\/04\/1-LOGOS-PET-SITTING-noir-definitif.jpg\" \/>\n\t<meta property=\"og:image:width\" content=\"564\" \/>\n\t<meta property=\"og:image:height\" content=\"564\" \/>\n\t<meta property=\"og:image:type\" content=\"image\/jpeg\" \/>\n<meta name=\"twitter:card\" content=\"summary_large_image\" \/>\n<meta name=\"twitter:label1\" content=\"Dur\u00e9e de lecture estim\u00e9e\" \/>\n\t<meta name=\"twitter:data1\" content=\"3 minutes\" \/>\n<script type=\"application\/ld+json\" class=\"yoast-schema-graph\">{\"@context\":\"https:\\\/\\\/schema.org\",\"@graph\":[{\"@type\":\"WebPage\",\"@id\":\"https:\\\/\\\/loustiketcie.fr\\\/?page_id=29\",\"url\":\"https:\\\/\\\/loustiketcie.fr\\\/?page_id=29\",\"name\":\"Pet-Sitting - Loustik &amp; Cie\",\"isPartOf\":{\"@id\":\"https:\\\/\\\/loustiketcie.fr\\\/#website\"},\"primaryImageOfPage\":{\"@id\":\"https:\\\/\\\/loustiketcie.fr\\\/?page_id=29#primaryimage\"},\"image\":{\"@id\":\"https:\\\/\\\/loustiketcie.fr\\\/?page_id=29#primaryimage\"},\"thumbnailUrl\":\"https:\\\/\\\/loustiketcie.fr\\\/wp-content\\\/uploads\\\/2021\\\/04\\\/1-LOGOS-PET-SITTING-noir-definitif.jpg\",\"datePublished\":\"2021-03-15T13:50:57+00:00\",\"dateModified\":\"2025-12-15T10:15:02+00:00\",\"description\":\"pension f\u00e9line, Plorec sur Arguenon, Loustik & Cie, loustiketcie, pet-sitting , garde de chat , garde de chien, cat-sitting, pension pour chat, loustik et cie, loustiketcie.fr\",\"breadcrumb\":{\"@id\":\"https:\\\/\\\/loustiketcie.fr\\\/?page_id=29#breadcrumb\"},\"inLanguage\":\"fr-FR\",\"potentialAction\":[{\"@type\":\"ReadAction\",\"target\":[\"https:\\\/\\\/loustiketcie.fr\\\/?page_id=29\"]}]},{\"@type\":\"ImageObject\",\"inLanguage\":\"fr-FR\",\"@id\":\"https:\\\/\\\/loustiketcie.fr\\\/?page_id=29#primaryimage\",\"url\":\"https:\\\/\\\/loustiketcie.fr\\\/wp-content\\\/uploads\\\/2021\\\/04\\\/1-LOGOS-PET-SITTING-noir-definitif.jpg\",\"contentUrl\":\"https:\\\/\\\/loustiketcie.fr\\\/wp-content\\\/uploads\\\/2021\\\/04\\\/1-LOGOS-PET-SITTING-noir-definitif.jpg\",\"width\":564,\"height\":564},{\"@type\":\"BreadcrumbList\",\"@id\":\"https:\\\/\\\/loustiketcie.fr\\\/?page_id=29#breadcrumb\",\"itemListElement\":[{\"@type\":\"ListItem\",\"position\":1,\"name\":\"Accueil\",\"item\":\"https:\\\/\\\/loustiketcie.fr\\\/\"},{\"@type\":\"ListItem\",\"position\":2,\"name\":\"Pet-Sitting\"}]},{\"@type\":\"WebSite\",\"@id\":\"https:\\\/\\\/loustiketcie.fr\\\/#website\",\"url\":\"https:\\\/\\\/loustiketcie.fr\\\/\",\"name\":\"Loustik &amp; Cie\",\"description\":\"Pet-Sitting\",\"publisher\":{\"@id\":\"https:\\\/\\\/loustiketcie.fr\\\/#organization\"},\"potentialAction\":[{\"@type\":\"SearchAction\",\"target\":{\"@type\":\"EntryPoint\",\"urlTemplate\":\"https:\\\/\\\/loustiketcie.fr\\\/?s={search_term_string}\"},\"query-input\":{\"@type\":\"PropertyValueSpecification\",\"valueRequired\":true,\"valueName\":\"search_term_string\"}}],\"inLanguage\":\"fr-FR\"},{\"@type\":\"Organization\",\"@id\":\"https:\\\/\\\/loustiketcie.fr\\\/#organization\",\"name\":\"Loustik & Cie\",\"url\":\"https:\\\/\\\/loustiketcie.fr\\\/\",\"logo\":{\"@type\":\"ImageObject\",\"inLanguage\":\"fr-FR\",\"@id\":\"https:\\\/\\\/loustiketcie.fr\\\/#\\\/schema\\\/logo\\\/image\\\/\",\"url\":\"https:\\\/\\\/loustiketcie.fr\\\/wp-content\\\/uploads\\\/2021\\\/03\\\/LOGO-seul-e1616163280945.jpg\",\"contentUrl\":\"https:\\\/\\\/loustiketcie.fr\\\/wp-content\\\/uploads\\\/2021\\\/03\\\/LOGO-seul-e1616163280945.jpg\",\"width\":200,\"height\":200,\"caption\":\"Loustik & Cie\"},\"image\":{\"@id\":\"https:\\\/\\\/loustiketcie.fr\\\/#\\\/schema\\\/logo\\\/image\\\/\"}}]}<\/script>\n<!-- \/ Yoast SEO plugin. -->","yoast_head_json":{"title":"Pet-Sitting - Loustik &amp; Cie","description":"pension f\u00e9line, Plorec sur Arguenon, Loustik & Cie, loustiketcie, pet-sitting , garde de chat , garde de chien, cat-sitting, pension pour chat, loustik et cie, loustiketcie.fr","robots":{"index":"index","follow":"follow","max-snippet":"max-snippet:-1","max-image-preview":"max-image-preview:large","max-video-preview":"max-video-preview:-1"},"canonical":"https:\/\/loustiketcie.fr\/?page_id=29","og_locale":"fr_FR","og_type":"article","og_title":"Pet-Sitting - Loustik &amp; Cie","og_description":"pension f\u00e9line, Plorec sur Arguenon, Loustik & Cie, loustiketcie, pet-sitting , garde de chat , garde de chien, cat-sitting, pension pour chat, loustik et cie, loustiketcie.fr","og_url":"https:\/\/loustiketcie.fr\/?page_id=29","og_site_name":"Loustik &amp; Cie","article_modified_time":"2025-12-15T10:15:02+00:00","og_image":[{"width":564,"height":564,"url":"https:\/\/loustiketcie.fr\/wp-content\/uploads\/2021\/04\/1-LOGOS-PET-SITTING-noir-definitif.jpg","type":"image\/jpeg"}],"twitter_card":"summary_large_image","twitter_misc":{"Dur\u00e9e de lecture estim\u00e9e":"3 minutes"},"schema":{"@context":"https:\/\/schema.org","@graph":[{"@type":"WebPage","@id":"https:\/\/loustiketcie.fr\/?page_id=29","url":"https:\/\/loustiketcie.fr\/?page_id=29","name":"Pet-Sitting - Loustik &amp; Cie","isPartOf":{"@id":"https:\/\/loustiketcie.fr\/#website"},"primaryImageOfPage":{"@id":"https:\/\/loustiketcie.fr\/?page_id=29#primaryimage"},"image":{"@id":"https:\/\/loustiketcie.fr\/?page_id=29#primaryimage"},"thumbnailUrl":"https:\/\/loustiketcie.fr\/wp-content\/uploads\/2021\/04\/1-LOGOS-PET-SITTING-noir-definitif.jpg","datePublished":"2021-03-15T13:50:57+00:00","dateModified":"2025-12-15T10:15:02+00:00","description":"pension f\u00e9line, Plorec sur Arguenon, Loustik & Cie, loustiketcie, pet-sitting , garde de chat , garde de chien, cat-sitting, pension pour chat, loustik et cie, loustiketcie.fr","breadcrumb":{"@id":"https:\/\/loustiketcie.fr\/?page_id=29#breadcrumb"},"inLanguage":"fr-FR","potentialAction":[{"@type":"ReadAction","target":["https:\/\/loustiketcie.fr\/?page_id=29"]}]},{"@type":"ImageObject","inLanguage":"fr-FR","@id":"https:\/\/loustiketcie.fr\/?page_id=29#primaryimage","url":"https:\/\/loustiketcie.fr\/wp-content\/uploads\/2021\/04\/1-LOGOS-PET-SITTING-noir-definitif.jpg","contentUrl":"https:\/\/loustiketcie.fr\/wp-content\/uploads\/2021\/04\/1-LOGOS-PET-SITTING-noir-definitif.jpg","width":564,"height":564},{"@type":"BreadcrumbList","@id":"https:\/\/loustiketcie.fr\/?page_id=29#breadcrumb","itemListElement":[{"@type":"ListItem","position":1,"name":"Accueil","item":"https:\/\/loustiketcie.fr\/"},{"@type":"ListItem","position":2,"name":"Pet-Sitting"}]},{"@type":"WebSite","@id":"https:\/\/loustiketcie.fr\/#website","url":"https:\/\/loustiketcie.fr\/","name":"Loustik &amp; Cie","description":"Pet-Sitting","publisher":{"@id":"https:\/\/loustiketcie.fr\/#organization"},"potentialAction":[{"@type":"SearchAction","target":{"@type":"EntryPoint","urlTemplate":"https:\/\/loustiketcie.fr\/?s={search_term_string}"},"query-input":{"@type":"PropertyValueSpecification","valueRequired":true,"valueName":"search_term_string"}}],"inLanguage":"fr-FR"},{"@type":"Organization","@id":"https:\/\/loustiketcie.fr\/#organization","name":"Loustik & Cie","url":"https:\/\/loustiketcie.fr\/","logo":{"@type":"ImageObject","inLanguage":"fr-FR","@id":"https:\/\/loustiketcie.fr\/#\/schema\/logo\/image\/","url":"https:\/\/loustiketcie.fr\/wp-content\/uploads\/2021\/03\/LOGO-seul-e1616163280945.jpg","contentUrl":"https:\/\/loustiketcie.fr\/wp-content\/uploads\/2021\/03\/LOGO-seul-e1616163280945.jpg","width":200,"height":200,"caption":"Loustik & Cie"},"image":{"@id":"https:\/\/loustiketcie.fr\/#\/schema\/logo\/image\/"}}]}},"_links":{"self":[{"href":"https:\/\/loustiketcie.fr\/index.php?rest_route=\/wp\/v2\/pages\/29","targetHints":{"allow":["GET"]}}],"collection":[{"href":"https:\/\/loustiketcie.fr\/index.php?rest_route=\/wp\/v2\/pages"}],"about":[{"href":"https:\/\/loustiketcie.fr\/index.php?rest_route=\/wp\/v2\/types\/page"}],"author":[{"embeddable":true,"href":"https:\/\/loustiketcie.fr\/index.php?rest_route=\/wp\/v2\/users\/1"}],"replies":[{"embeddable":true,"href":"https:\/\/loustiketcie.fr\/index.php?rest_route=%2Fwp%2Fv2%2Fcomments&post=29"}],"version-history":[{"count":141,"href":"https:\/\/loustiketcie.fr\/index.php?rest_route=\/wp\/v2\/pages\/29\/revisions"}],"predecessor-version":[{"id":5682,"href":"https:\/\/loustiketcie.fr\/index.php?rest_route=\/wp\/v2\/pages\/29\/revisions\/5682"}],"wp:attachment":[{"href":"https:\/\/loustiketcie.fr\/index.php?rest_route=%2Fwp%2Fv2%2Fmedia&parent=29"}],"curies":[{"name":"wp","href":"https:\/\/api.w.org\/{rel}","templated":true}]}}