{"id":5629,"date":"2025-10-29T13:51:47","date_gmt":"2025-10-29T12:51:47","guid":{"rendered":"https:\/\/loustiketcie.fr\/?page_id=5629"},"modified":"2025-12-15T11:01:47","modified_gmt":"2025-12-15T10:01:47","slug":"tarifs-2026","status":"publish","type":"page","link":"https:\/\/loustiketcie.fr\/?page_id=5629","title":{"rendered":"Tarifs 2026"},"content":{"rendered":"\n<p class=\"has-text-align-center has-text-color\" style=\"color:#ce157e;font-size:30px\"><strong><em>PENSION FELINE<\/em><\/strong><\/p>\n\n\n\n<p class=\"has-text-align-center has-black-color has-text-color\" style=\"font-size:19px\"><strong><em>Tarifs en vigueur sur les s\u00e9jours 2026<\/em><\/strong><\/p>\n\n\n\n<p><\/p>\n\n\n\n<div class=\"wp-block-columns is-layout-flex wp-container-core-columns-is-layout-9d6595d7 wp-block-columns-is-layout-flex\">\n<div class=\"wp-block-column is-layout-flow wp-block-column-is-layout-flow\"><div class=\"wp-block-image\">\n<figure class=\"aligncenter size-large\"><img loading=\"lazy\" decoding=\"async\" width=\"61\" height=\"66\" src=\"https:\/\/loustiketcie.fr\/wp-content\/uploads\/2021\/04\/image-1.png\" alt=\"\" class=\"wp-image-1827\"\/><\/figure>\n<\/div><\/div>\n\n\n\n<div class=\"wp-block-column is-layout-flow wp-block-column-is-layout-flow\"><div class=\"wp-block-image\">\n<figure class=\"aligncenter size-large\"><img loading=\"lazy\" decoding=\"async\" width=\"109\" height=\"68\" src=\"https:\/\/loustiketcie.fr\/wp-content\/uploads\/2021\/04\/image-4.png\" alt=\"\" class=\"wp-image-1830\"\/><\/figure>\n<\/div><\/div>\n\n\n\n<div class=\"wp-block-column is-layout-flow wp-block-column-is-layout-flow\"><div class=\"wp-block-image\">\n<figure class=\"aligncenter size-large\"><img loading=\"lazy\" decoding=\"async\" width=\"158\" height=\"67\" src=\"https:\/\/loustiketcie.fr\/wp-content\/uploads\/2021\/04\/image-8.png\" alt=\"\" class=\"wp-image-1834\"\/><\/figure>\n<\/div><\/div>\n<\/div>\n\n\n\n<div class=\"wp-block-columns is-layout-flex wp-container-core-columns-is-layout-9d6595d7 wp-block-columns-is-layout-flex\">\n<div class=\"wp-block-column is-layout-flow wp-block-column-is-layout-flow\">\n<p class=\"has-text-align-center has-black-color has-text-color has-normal-font-size\"><strong>16 \u20ac\/jour<\/strong><\/p>\n<\/div>\n\n\n\n<div class=\"wp-block-column is-layout-flow wp-block-column-is-layout-flow\">\n<p class=\"has-text-align-center has-black-color has-text-color has-normal-font-size\"><strong>27.50 \u20ac\/jour*<\/strong><\/p>\n<\/div>\n\n\n\n<div class=\"wp-block-column is-layout-flow wp-block-column-is-layout-flow\">\n<p class=\"has-text-align-center has-black-color has-text-color has-normal-font-size\"><strong>33.50 \u20ac\/jour**<\/strong><\/p>\n<\/div>\n<\/div>\n\n\n\n<p class=\"has-text-align-center has-black-color has-text-color\"><strong>Tarifs fixes toute l\u2019ann\u00e9e (<em>pas d\u2019augmentation en p\u00e9riodes de vacances<\/em>).<\/strong><\/p>\n\n\n\n<p class=\"has-text-align-center has-black-color has-text-color\"><strong><mark style=\"background-color:rgba(0, 0, 0, 0)\" class=\"has-inline-color has-vivid-red-color\">Toute journ\u00e9e commenc\u00e9e est due <\/mark>(quelle que soit l\u2019heure d\u2019arriv\u00e9e ou de d\u00e9part de votre animal).<\/strong><\/p>\n\n\n\n<p class=\"has-text-align-center has-vivid-red-color has-text-color has-link-color wp-elements-9d141f35e27e9a23885e7ed1f42458d1\" style=\"font-size:17px\"><strong>Nous n&rsquo;acceptons les s\u00e9jours qu&rsquo;\u00e0 partir de 4 jours.<\/strong><\/p>\n\n\n\n<p class=\"has-text-align-center has-vivid-red-color has-text-color\" style=\"font-size:17px\"><strong>Pendant les vacances scolaires, les r\u00e9servations se font par semaine compl\u00e8te.<\/strong><\/p>\n\n\n\n<p class=\"has-text-align-center has-black-color has-text-color\"><\/p>\n\n\n\n<p class=\"has-text-align-center has-black-color has-text-color\">Nous consulter pour les s\u00e9jours longue dur\u00e9e<strong> (plus d&rsquo;un mois)<\/strong><\/p>\n\n\n\n<p><\/p>\n\n\n\n<p class=\"has-black-color has-text-color\"><strong>Le prix comprend&nbsp;:<\/strong><\/p>\n\n\n\n<ul class=\"wp-block-list has-black-color has-text-color\">\n<li>Un h\u00e9bergement spacieux et confortable \u00e9quip\u00e9 d&rsquo;un arbre \u00e0 chat avec griffoirs, une plateforme de repos, un coussin moelleux, des jeux, des gamelles (eau et alimentation) ; une liti\u00e8re v\u00e9g\u00e9tale et compostable<sup>(1)<\/sup> nettoy\u00e9e aussi souvent que n\u00e9cessaire.<\/li>\n\n\n\n<li>Une surveillance vid\u00e9o 24\/24.<\/li>\n\n\n\n<li>Le renouvellement d\u2019air r\u00e9gulier et le chauffage en hiver.<\/li>\n\n\n\n<li>Un nettoyage et une d\u00e9sinfection quotidienne de l\u2019h\u00e9bergement.<\/li>\n\n\n\n<li>De l\u2019eau fraiche renouvel\u00e9e matin et soir.<\/li>\n\n\n\n<li>Un brossage quotidien si votre chat l\u2019appr\u00e9cie.<\/li>\n\n\n\n<li>Des s\u00e9ances de jeux et de c\u00e2lins.<\/li>\n\n\n\n<li>Un acc\u00e8s individuel matin et soir \u00e0 l\u2019espace jeux, toujours sous surveillance humaine.<\/li>\n\n\n\n<li>L\u2019envoi de nouvelles par WhatsApp, Messenger ou SMS si vous le souhaitez.<\/li>\n<\/ul>\n\n\n\n<p><\/p>\n\n\n\n<p class=\"has-black-color has-text-color\"><strong>Prestations suppl\u00e9mentaires&nbsp;:<\/strong><\/p>\n\n\n\n<ul class=\"wp-block-list has-black-color has-text-color\">\n<li>Alimentation s\u00e8che (croquettes de haute qualit\u00e9 chats st\u00e9rilis\u00e9s) + 2 \u20ac\/jour<\/li>\n\n\n\n<li>Traitement antipuces &amp; tiques : 15 \u20ac<\/li>\n\n\n\n<li>Traitement vermifuge &nbsp;: &nbsp;&nbsp;&nbsp;&nbsp;&nbsp;&nbsp;&nbsp;&nbsp;&nbsp;&nbsp;&nbsp;15 \u20ac<\/li>\n\n\n\n<li>Soins des yeux et\/ou des oreilles (<em>produit fourni par le client<\/em>)&nbsp;: 2 \u20ac\/soin<\/li>\n\n\n\n<li>Traitement oral ou local <em>(Ordonnance et traitement fournis par le client)<\/em>&nbsp;: 2 \u20ac\/soin<\/li>\n<\/ul>\n\n\n\n<ul class=\"wp-block-list has-black-color has-text-color\">\n<li>Traitement Chat Diab\u00e9tique <em>(Ordonnance et traitement fournis par le client)<\/em> : 3 \u20ac l&rsquo;injection avec protocole v\u00e9t\u00e9rinaire<\/li>\n\n\n\n<li>D\u00e9placement chez le v\u00e9t\u00e9rinaire (A\/R + temps de consultation)&nbsp;: 35 \u20ac + <em>Consultation \u00e0 la charge du propri\u00e9taire<\/em>.<\/li>\n<\/ul>\n\n\n\n<ul class=\"wp-block-list has-black-color has-text-color\">\n<li>Entr\u00e9e et sortie un jour f\u00e9ri\u00e9\u00a0: + 15 \u20ac<\/li>\n<\/ul>\n\n\n\n<p class=\"has-black-color has-text-color\"><\/p>\n\n\n\n<p class=\"has-black-color has-text-color\"><\/p>\n\n\n\n<p><\/p>\n\n\n\n<p class=\"has-black-color has-text-color\" style=\"font-size:12px\">&nbsp;* 2 chats du m\u00eame foyer dans une m\u00eame chambre si entente fusionnelle.<\/p>\n\n\n\n<p class=\"has-black-color has-text-color\" style=\"font-size:12px\">&nbsp;** 3 chats du m\u00eame foyer dans deux chambres si entente fusionnelle.<\/p>\n\n\n\n<p class=\"has-black-color has-text-color\" style=\"font-size:12px\"><sup>(1) <\/sup>Liti\u00e8re 100 % fibres v\u00e9g\u00e9tales \u00e0 base de Landes Bretonnes et de Paille de Colza  de la marque \u00ab&nbsp;<strong>Litzhy&nbsp;<\/strong>\u00bb&nbsp;&#8211; Fabriqu\u00e9e \u00e0 H\u00e9non (22).<\/p>\n\n\n\n<p class=\"has-black-color has-text-color\"><strong><em>TVA non&nbsp;applicable selon l&rsquo;article 293 B du Code G\u00e9n\u00e9ral des Imp\u00f4ts (CGI)<\/em><\/strong><\/p>\n\n\n\n<p class=\"has-black-color has-text-color\"><strong>Moyens de paiement accept\u00e9s<\/strong> : Ch\u00e8que &#8211; Esp\u00e8ces &#8211; Virement.<\/p>\n","protected":false},"excerpt":{"rendered":"<p>PENSION FELINE Tarifs en vigueur sur les s\u00e9jours 2026 16 \u20ac\/jour 27.50 \u20ac\/jour* 33.50 \u20ac\/jour** Tarifs fixes toute l\u2019ann\u00e9e (pas d\u2019augmentation en p\u00e9riodes de vacances). Toute journ\u00e9e commenc\u00e9e est due &#8230;<\/p>\n","protected":false},"author":1,"featured_media":0,"parent":0,"menu_order":0,"comment_status":"closed","ping_status":"closed","template":"","meta":{"footnotes":""},"class_list":["post-5629","page","type-page","status-publish","hentry"],"yoast_head":"<!-- This site is optimized with the Yoast SEO plugin v27.4 - https:\/\/yoast.com\/product\/yoast-seo-wordpress\/ -->\n<title>Tarifs 2026 - Loustik &amp; Cie<\/title>\n<meta name=\"robots\" content=\"index, follow, max-snippet:-1, max-image-preview:large, max-video-preview:-1\" \/>\n<link rel=\"canonical\" href=\"https:\/\/loustiketcie.fr\/?page_id=5629\" \/>\n<meta property=\"og:locale\" content=\"fr_FR\" \/>\n<meta property=\"og:type\" content=\"article\" \/>\n<meta property=\"og:title\" content=\"Tarifs 2026 - Loustik &amp; Cie\" \/>\n<meta property=\"og:description\" content=\"PENSION FELINE Tarifs en vigueur sur les s\u00e9jours 2026 16 \u20ac\/jour 27.50 \u20ac\/jour* 33.50 \u20ac\/jour** Tarifs fixes toute l\u2019ann\u00e9e (pas d\u2019augmentation en p\u00e9riodes de vacances). Toute journ\u00e9e commenc\u00e9e est due ...\" \/>\n<meta property=\"og:url\" content=\"https:\/\/loustiketcie.fr\/?page_id=5629\" \/>\n<meta property=\"og:site_name\" content=\"Loustik &amp; Cie\" \/>\n<meta property=\"article:modified_time\" content=\"2025-12-15T10:01:47+00:00\" \/>\n<meta property=\"og:image\" content=\"https:\/\/loustiketcie.fr\/wp-content\/uploads\/2021\/04\/image-1.png\" \/>\n\t<meta property=\"og:image:width\" content=\"61\" \/>\n\t<meta property=\"og:image:height\" content=\"66\" \/>\n\t<meta property=\"og:image:type\" content=\"image\/png\" \/>\n<meta name=\"twitter:card\" content=\"summary_large_image\" \/>\n<meta name=\"twitter:label1\" content=\"Dur\u00e9e de lecture estim\u00e9e\" \/>\n\t<meta name=\"twitter:data1\" content=\"3 minutes\" \/>\n<script type=\"application\/ld+json\" class=\"yoast-schema-graph\">{\"@context\":\"https:\\\/\\\/schema.org\",\"@graph\":[{\"@type\":\"WebPage\",\"@id\":\"https:\\\/\\\/loustiketcie.fr\\\/?page_id=5629\",\"url\":\"https:\\\/\\\/loustiketcie.fr\\\/?page_id=5629\",\"name\":\"Tarifs 2026 - Loustik &amp; Cie\",\"isPartOf\":{\"@id\":\"https:\\\/\\\/loustiketcie.fr\\\/#website\"},\"primaryImageOfPage\":{\"@id\":\"https:\\\/\\\/loustiketcie.fr\\\/?page_id=5629#primaryimage\"},\"image\":{\"@id\":\"https:\\\/\\\/loustiketcie.fr\\\/?page_id=5629#primaryimage\"},\"thumbnailUrl\":\"https:\\\/\\\/loustiketcie.fr\\\/wp-content\\\/uploads\\\/2021\\\/04\\\/image-1.png\",\"datePublished\":\"2025-10-29T12:51:47+00:00\",\"dateModified\":\"2025-12-15T10:01:47+00:00\",\"breadcrumb\":{\"@id\":\"https:\\\/\\\/loustiketcie.fr\\\/?page_id=5629#breadcrumb\"},\"inLanguage\":\"fr-FR\",\"potentialAction\":[{\"@type\":\"ReadAction\",\"target\":[\"https:\\\/\\\/loustiketcie.fr\\\/?page_id=5629\"]}]},{\"@type\":\"ImageObject\",\"inLanguage\":\"fr-FR\",\"@id\":\"https:\\\/\\\/loustiketcie.fr\\\/?page_id=5629#primaryimage\",\"url\":\"https:\\\/\\\/loustiketcie.fr\\\/wp-content\\\/uploads\\\/2021\\\/04\\\/image-1.png\",\"contentUrl\":\"https:\\\/\\\/loustiketcie.fr\\\/wp-content\\\/uploads\\\/2021\\\/04\\\/image-1.png\",\"width\":61,\"height\":66},{\"@type\":\"BreadcrumbList\",\"@id\":\"https:\\\/\\\/loustiketcie.fr\\\/?page_id=5629#breadcrumb\",\"itemListElement\":[{\"@type\":\"ListItem\",\"position\":1,\"name\":\"Accueil\",\"item\":\"https:\\\/\\\/loustiketcie.fr\\\/\"},{\"@type\":\"ListItem\",\"position\":2,\"name\":\"Tarifs 2026\"}]},{\"@type\":\"WebSite\",\"@id\":\"https:\\\/\\\/loustiketcie.fr\\\/#website\",\"url\":\"https:\\\/\\\/loustiketcie.fr\\\/\",\"name\":\"Loustik &amp; Cie\",\"description\":\"Pet-Sitting\",\"publisher\":{\"@id\":\"https:\\\/\\\/loustiketcie.fr\\\/#organization\"},\"potentialAction\":[{\"@type\":\"SearchAction\",\"target\":{\"@type\":\"EntryPoint\",\"urlTemplate\":\"https:\\\/\\\/loustiketcie.fr\\\/?s={search_term_string}\"},\"query-input\":{\"@type\":\"PropertyValueSpecification\",\"valueRequired\":true,\"valueName\":\"search_term_string\"}}],\"inLanguage\":\"fr-FR\"},{\"@type\":\"Organization\",\"@id\":\"https:\\\/\\\/loustiketcie.fr\\\/#organization\",\"name\":\"Loustik & Cie\",\"url\":\"https:\\\/\\\/loustiketcie.fr\\\/\",\"logo\":{\"@type\":\"ImageObject\",\"inLanguage\":\"fr-FR\",\"@id\":\"https:\\\/\\\/loustiketcie.fr\\\/#\\\/schema\\\/logo\\\/image\\\/\",\"url\":\"https:\\\/\\\/loustiketcie.fr\\\/wp-content\\\/uploads\\\/2021\\\/03\\\/LOGO-seul-e1616163280945.jpg\",\"contentUrl\":\"https:\\\/\\\/loustiketcie.fr\\\/wp-content\\\/uploads\\\/2021\\\/03\\\/LOGO-seul-e1616163280945.jpg\",\"width\":200,\"height\":200,\"caption\":\"Loustik & Cie\"},\"image\":{\"@id\":\"https:\\\/\\\/loustiketcie.fr\\\/#\\\/schema\\\/logo\\\/image\\\/\"}}]}<\/script>\n<!-- \/ Yoast SEO plugin. -->","yoast_head_json":{"title":"Tarifs 2026 - Loustik &amp; Cie","robots":{"index":"index","follow":"follow","max-snippet":"max-snippet:-1","max-image-preview":"max-image-preview:large","max-video-preview":"max-video-preview:-1"},"canonical":"https:\/\/loustiketcie.fr\/?page_id=5629","og_locale":"fr_FR","og_type":"article","og_title":"Tarifs 2026 - Loustik &amp; Cie","og_description":"PENSION FELINE Tarifs en vigueur sur les s\u00e9jours 2026 16 \u20ac\/jour 27.50 \u20ac\/jour* 33.50 \u20ac\/jour** Tarifs fixes toute l\u2019ann\u00e9e (pas d\u2019augmentation en p\u00e9riodes de vacances). Toute journ\u00e9e commenc\u00e9e est due ...","og_url":"https:\/\/loustiketcie.fr\/?page_id=5629","og_site_name":"Loustik &amp; Cie","article_modified_time":"2025-12-15T10:01:47+00:00","og_image":[{"width":61,"height":66,"url":"https:\/\/loustiketcie.fr\/wp-content\/uploads\/2021\/04\/image-1.png","type":"image\/png"}],"twitter_card":"summary_large_image","twitter_misc":{"Dur\u00e9e de lecture estim\u00e9e":"3 minutes"},"schema":{"@context":"https:\/\/schema.org","@graph":[{"@type":"WebPage","@id":"https:\/\/loustiketcie.fr\/?page_id=5629","url":"https:\/\/loustiketcie.fr\/?page_id=5629","name":"Tarifs 2026 - Loustik &amp; Cie","isPartOf":{"@id":"https:\/\/loustiketcie.fr\/#website"},"primaryImageOfPage":{"@id":"https:\/\/loustiketcie.fr\/?page_id=5629#primaryimage"},"image":{"@id":"https:\/\/loustiketcie.fr\/?page_id=5629#primaryimage"},"thumbnailUrl":"https:\/\/loustiketcie.fr\/wp-content\/uploads\/2021\/04\/image-1.png","datePublished":"2025-10-29T12:51:47+00:00","dateModified":"2025-12-15T10:01:47+00:00","breadcrumb":{"@id":"https:\/\/loustiketcie.fr\/?page_id=5629#breadcrumb"},"inLanguage":"fr-FR","potentialAction":[{"@type":"ReadAction","target":["https:\/\/loustiketcie.fr\/?page_id=5629"]}]},{"@type":"ImageObject","inLanguage":"fr-FR","@id":"https:\/\/loustiketcie.fr\/?page_id=5629#primaryimage","url":"https:\/\/loustiketcie.fr\/wp-content\/uploads\/2021\/04\/image-1.png","contentUrl":"https:\/\/loustiketcie.fr\/wp-content\/uploads\/2021\/04\/image-1.png","width":61,"height":66},{"@type":"BreadcrumbList","@id":"https:\/\/loustiketcie.fr\/?page_id=5629#breadcrumb","itemListElement":[{"@type":"ListItem","position":1,"name":"Accueil","item":"https:\/\/loustiketcie.fr\/"},{"@type":"ListItem","position":2,"name":"Tarifs 2026"}]},{"@type":"WebSite","@id":"https:\/\/loustiketcie.fr\/#website","url":"https:\/\/loustiketcie.fr\/","name":"Loustik &amp; Cie","description":"Pet-Sitting","publisher":{"@id":"https:\/\/loustiketcie.fr\/#organization"},"potentialAction":[{"@type":"SearchAction","target":{"@type":"EntryPoint","urlTemplate":"https:\/\/loustiketcie.fr\/?s={search_term_string}"},"query-input":{"@type":"PropertyValueSpecification","valueRequired":true,"valueName":"search_term_string"}}],"inLanguage":"fr-FR"},{"@type":"Organization","@id":"https:\/\/loustiketcie.fr\/#organization","name":"Loustik & Cie","url":"https:\/\/loustiketcie.fr\/","logo":{"@type":"ImageObject","inLanguage":"fr-FR","@id":"https:\/\/loustiketcie.fr\/#\/schema\/logo\/image\/","url":"https:\/\/loustiketcie.fr\/wp-content\/uploads\/2021\/03\/LOGO-seul-e1616163280945.jpg","contentUrl":"https:\/\/loustiketcie.fr\/wp-content\/uploads\/2021\/03\/LOGO-seul-e1616163280945.jpg","width":200,"height":200,"caption":"Loustik & Cie"},"image":{"@id":"https:\/\/loustiketcie.fr\/#\/schema\/logo\/image\/"}}]}},"_links":{"self":[{"href":"https:\/\/loustiketcie.fr\/index.php?rest_route=\/wp\/v2\/pages\/5629","targetHints":{"allow":["GET"]}}],"collection":[{"href":"https:\/\/loustiketcie.fr\/index.php?rest_route=\/wp\/v2\/pages"}],"about":[{"href":"https:\/\/loustiketcie.fr\/index.php?rest_route=\/wp\/v2\/types\/page"}],"author":[{"embeddable":true,"href":"https:\/\/loustiketcie.fr\/index.php?rest_route=\/wp\/v2\/users\/1"}],"replies":[{"embeddable":true,"href":"https:\/\/loustiketcie.fr\/index.php?rest_route=%2Fwp%2Fv2%2Fcomments&post=5629"}],"version-history":[{"count":3,"href":"https:\/\/loustiketcie.fr\/index.php?rest_route=\/wp\/v2\/pages\/5629\/revisions"}],"predecessor-version":[{"id":5633,"href":"https:\/\/loustiketcie.fr\/index.php?rest_route=\/wp\/v2\/pages\/5629\/revisions\/5633"}],"wp:attachment":[{"href":"https:\/\/loustiketcie.fr\/index.php?rest_route=%2Fwp%2Fv2%2Fmedia&parent=5629"}],"curies":[{"name":"wp","href":"https:\/\/api.w.org\/{rel}","templated":true}]}}